{"id":806,"date":"2016-08-23T11:12:09","date_gmt":"2016-08-23T11:12:09","guid":{"rendered":"https:\/\/basketiqapp.com\/?page_id=806"},"modified":"2024-06-26T22:41:04","modified_gmt":"2024-06-26T21:41:04","slug":"testimonial","status":"publish","type":"page","link":"https:\/\/basketiqapp.com\/sv\/testimonial\/","title":{"rendered":"Vittnesm\u00e5l"},"content":{"rendered":"<section  id=\"section-69d0e9179f1e0\"  class=\"fw-main-row   auto\"  style=\"background-color:#f9f9f9;  \"  >\r\n    <div >\r\n        <div class=\"fw-container sections\">\r\n<div class=\"fw-row\">\n\t\r\n\r\n\r\n<div id=\"column-69d0e9179f344\" class=\"none  fw-col-sm-12      wow\" data-wow-offset=\"120\" data-wow-duration=\"1.5s\" style=\"  \">\r\n        <div class=\"fw-main-row\"  style=\"\">\r\n        <div class=\"fw-col-inner\">\r\n            \r\n<div class=\"fw-heading section-header fw-heading-h3 fw-heading-center   wow fadeIn\" data-wow-offset=\"120\" data-wow-duration=\"1.5s\" style=\"color:#0d5257\">\r\n        <div class=\"mockup-text\"><h3 class='fw-special-title'>Google recensioner<\/h3><\/div>\r\n\r\n                    <div class=\"mockup-text\"><h4 class='fw-special-subtitle'>Smal urval av recensioner mottagna p\u00e5 google<\/h4><\/div>\r\n    \r\n    \r\n\r\n<\/div>        <\/div>\r\n    <\/div>\r\n<\/div><\/div>\n\n<div class=\"fw-row\">\n\t\r\n\r\n\r\n<div id=\"column-69d0e9179f4f2\" class=\"none  fw-col-sm-12      wow\" data-wow-offset=\"120\" data-wow-duration=\"1.5s\" style=\"  \">\r\n        <div class=\"fw-main-row\"  style=\"\">\r\n        <div class=\"fw-col-inner\">\r\n            \r\n<div class='testimonials-slider wow fadeInUp' data-wow-delay='.2s' >\r\n                        <div class='testimonial'>\r\n                <div class='icon' >\r\n                    <i class='ion-quote' ><\/i>\r\n                <\/div>\r\n                <div class='content' >\r\n                                            <p>Jag anv\u00e4nder BasketIQ f\u00f6r att hantera mitt professionella team, dess funktionalitet \u00e4r mycket anv\u00e4ndbar f\u00f6r planering, \u00f6vervakning och kontroll av det dagliga arbetet.\r\nUtm\u00e4rkt verktyg f\u00f6r att organisera och \u00f6vervaka alla uppgifter p\u00e5 ett effektivt s\u00e4tt. Utan tvekan \u00e4r det en starkt rekommenderad applikation f\u00f6r alla tr\u00e4nare som vill optimera hanteringen av sitt lag och dagliga aktiviteter. LEONES DE RIOBAMBA, ECUADOR<\/p>\r\n                                    <\/div>\r\n                <div class='author' >\r\n                    <!-- Author Image -->\r\n                                            <img decoding=\"async\" class='author-img' src=\"\/\/basketiqapp.com\/wp-content\/uploads\/2024\/06\/leones.png\" alt=\"F\u00f6rfattarens bild\">\r\n                    \r\n                    <!-- Signature -->\r\n                    \r\n                                            <h4>Fabricio Salas<\/h4>\r\n                    \r\n                                            <span>Professionell tr\u00e4nare FIBA<\/span>\r\n                                    <\/div>\r\n            <\/div>\r\n                                <div class='testimonial'>\r\n                <div class='icon' >\r\n                    <i class='ion-quote' ><\/i>\r\n                <\/div>\r\n                <div class='content' >\r\n                                            <p>Jag hade l\u00e4nge letat efter ett verktyg som skulle ge oss m\u00f6jlighet att vara sammankopplade i klubben och b\u00e4ttre kunna samordna v\u00e5rt arbete. Att hitta Basketball IQ har varit en stor g\u00e5va. Dess m\u00e5nga applikationer f\u00f6r att planera s\u00e4songen, schemal\u00e4gga sessioner, utforma tr\u00e4ningsuppgifter eller kontrollera arbetsbelastningen, tillsammans med anv\u00e4ndarv\u00e4nligheten, har gjort det m\u00f6jligt f\u00f6r oss att ta ett kvalitetsspr\u00e5ng. 100% rekommenderas. CB LA ZUBIA, GRANADA, SPANIEN<\/p>\r\n                                    <\/div>\r\n                <div class='author' >\r\n                    <!-- Author Image -->\r\n                                            <img decoding=\"async\" class='author-img' src=\"\/\/basketiqapp.com\/wp-content\/uploads\/2023\/11\/club-200-la-zubia.png\" alt=\"F\u00f6rfattarens bild\">\r\n                    \r\n                    <!-- Signature -->\r\n                    \r\n                                            <h4>David C\u00e1rdenas<\/h4>\r\n                    \r\n                                            <span>Professor vid universitetet i Granada<\/span>\r\n                                    <\/div>\r\n            <\/div>\r\n                                <div class='testimonial'>\r\n                <div class='icon' >\r\n                    <i class='ion-quote' ><\/i>\r\n                <\/div>\r\n                <div class='content' >\r\n                                            <p>BasketIQ \u00e4r det perfekta verktyget f\u00f6r att f\u00e5 v\u00e5r klubb att v\u00e4xa p\u00e5 en logistisk och planeringsm\u00e4ssig niv\u00e5.\r\nTillv\u00e4xt f\u00f6r alla v\u00e5ra coacher p\u00e5 en individuell niv\u00e5, som omvandlas till kollektiv rikedom.\r\nSedan vi b\u00f6rjade anv\u00e4nda det \u00e4r allt enklare och coacherna \u00e4r mycket mer motiverade.\r\nBehandlingen \u00e4r individualiserad och de hj\u00e4lper oss med alla fr\u00e5gor vi kan ha.\r\n100x100 rekommendation!!!\r\nCD T\u00c5RAR - RACA, GRANADA, SPANIEN\r\nRekommendation 100x100!!!<\/p>\r\n                                    <\/div>\r\n                <div class='author' >\r\n                    <!-- Author Image -->\r\n                                            <img decoding=\"async\" class='author-img' src=\"\/\/basketiqapp.com\/wp-content\/uploads\/2023\/11\/club-221-la-raca.png\" alt=\"F\u00f6rfattarens bild\">\r\n                    \r\n                    <!-- Signature -->\r\n                    \r\n                                            <h4>Ismael Puyana<\/h4>\r\n                    \r\n                                            <span>Sportchef<\/span>\r\n                                    <\/div>\r\n            <\/div>\r\n                                <div class='testimonial'>\r\n                <div class='icon' >\r\n                    <i class='ion-quote' ><\/i>\r\n                <\/div>\r\n                <div class='content' >\r\n                                            <p>Vi har inf\u00f6rlivat appen i klubben den h\u00e4r s\u00e4songen och hittills \u00e4r allt bra.\r\nAlla fr\u00e5gor och\/eller f\u00f6rb\u00e4ttringar besvaras omedelbart.\r\nEn viktig plattform f\u00f6r att forts\u00e4tta v\u00e4xa som klubb.\r\nCB MOLINA, MURCIA, SPANIEN<\/p>\r\n                                    <\/div>\r\n                <div class='author' >\r\n                    <!-- Author Image -->\r\n                                            <img decoding=\"async\" class='author-img' src=\"\/\/basketiqapp.com\/wp-content\/uploads\/2023\/11\/club-191-molina.png\" alt=\"F\u00f6rfattarens bild\">\r\n                    \r\n                    <!-- Signature -->\r\n                    \r\n                                            <h4>Jose Manuel Perez Sanchez<\/h4>\r\n                    \r\n                                            <span>Sportchef<\/span>\r\n                                    <\/div>\r\n            <\/div>\r\n                                <div class='testimonial'>\r\n                <div class='icon' >\r\n                    <i class='ion-quote' ><\/i>\r\n                <\/div>\r\n                <div class='content' >\r\n                                            <p>BasketIQApp lyfte v\u00e5r klubb i alla avseenden. Organisation och kommunikation \u00e4r mycket mer flytande inom klubbmedlemmarna.\r\nDet b\u00e4sta \u00e4r hur appen hj\u00e4lpte till i v\u00e5r coachutveckling.\r\nRekommenderas helt oberoende av din klubbstorlek eller spelarniv\u00e5.\r\nCB EL FARO, GRAN ALACANT, SPANIEN<\/p>\r\n                                    <\/div>\r\n                <div class='author' >\r\n                    <!-- Author Image -->\r\n                                            <img decoding=\"async\" class='author-img' src=\"\/\/basketiqapp.com\/wp-content\/uploads\/2021\/02\/logo_el_faro_small.jpg\" alt=\"F\u00f6rfattarens bild\">\r\n                    \r\n                    <!-- Signature -->\r\n                                            <img decoding=\"async\" class='signature' src=\"\/\/basketiqapp.com\/wp-content\/uploads\/2016\/08\/signature.png\" alt=\"F\u00f6rfattarens signatur\">\r\n                    \r\n                                            <h4>Miguel Salvador<\/h4>\r\n                    \r\n                                            <span>Sportchef<\/span>\r\n                                    <\/div>\r\n            <\/div>\r\n                                <div class='testimonial'>\r\n                <div class='icon' >\r\n                    <i class='ion-quote' ><\/i>\r\n                <\/div>\r\n                <div class='content' >\r\n                                            <p>BasketIQ \u00e4r utan tvekan ett perfekt verktyg f\u00f6r alla basketklubbar. Det g\u00f6r att hela klubben kan arbeta som ett riktigt team, vilket underl\u00e4ttar kontroll och utbildning f\u00f6r sportchefen, dela resurser, dokument, \u00f6vningar mellan alla tr\u00e4nare. N\u00e4r du har det kommer det att vara sv\u00e5rt f\u00f6r dig att f\u00f6rst\u00e5 klubbens organisation p\u00e5 n\u00e5got annat s\u00e4tt. 100% rekommenderas \u00e4ven f\u00f6r enskilda tr\u00e4nare som vill ha allt v\u00e4lorganiserat och planerat. De uppdaterar st\u00e4ndigt f\u00f6rb\u00e4ttringar, s\u00e5 det har stor potential att uppt\u00e4cka. Grattis till BasketIQ-teamet!\r\nCB ALHAMA, MURCIA, SPANIEN<\/p>\r\n                                    <\/div>\r\n                <div class='author' >\r\n                    <!-- Author Image -->\r\n                                            <img decoding=\"async\" class='author-img' src=\"\/\/basketiqapp.com\/wp-content\/uploads\/2023\/11\/club-46-alhama.png\" alt=\"F\u00f6rfattarens bild\">\r\n                    \r\n                    <!-- Signature -->\r\n                    \r\n                                            <h4>Jose Pag\u00e1n<\/h4>\r\n                    \r\n                                            <span>Klubbkoordinator<\/span>\r\n                                    <\/div>\r\n            <\/div>\r\n                                <div class='testimonial'>\r\n                <div class='icon' >\r\n                    <i class='ion-quote' ><\/i>\r\n                <\/div>\r\n                <div class='content' >\r\n                                            <p>F\u00f6r klubbar som denna typ av verktyg \u00e4r avg\u00f6rande f\u00f6r fortsatta framsteg. Verkligen bra f\u00f6r vidareutveckling av unga tr\u00e4nare.\r\nCB SAX, ALICANTE, SPANIEN<\/p>\r\n                                    <\/div>\r\n                <div class='author' >\r\n                    <!-- Author Image -->\r\n                                            <img decoding=\"async\" class='author-img' src=\"\/\/basketiqapp.com\/wp-content\/uploads\/2021\/09\/sax.png\" alt=\"F\u00f6rfattarens bild\">\r\n                    \r\n                    <!-- Signature -->\r\n                    \r\n                                            <h4>Jaime Herrero<\/h4>\r\n                    \r\n                                            <span>Koordinering av basen<\/span>\r\n                                    <\/div>\r\n            <\/div>\r\n                                <div class='testimonial'>\r\n                <div class='icon' >\r\n                    <i class='ion-quote' ><\/i>\r\n                <\/div>\r\n                <div class='content' >\r\n                                            <p>Vad kan vi s\u00e4ga om v\u00e5r sponsor.\r\nF\u00f6retaget \u00e4r engagerat i \ud83c\udfc0-samh\u00e4llet och dess produkt, programvaran, har gett ett kvalitetsspr\u00e5ng i v\u00e5ra tr\u00e4nares arbete med en direkt effekt p\u00e5 spelarna.\r\nTrots det faktum att verktyget inte \u00e4r utformat f\u00f6r campus, Ett verktyg av 10, 100% rekommenderas.\r\nBASKETL\u00c4GER, LA NUCIA, SPANIEN<\/p>\r\n                                    <\/div>\r\n                <div class='author' >\r\n                    <!-- Author Image -->\r\n                                            <img decoding=\"async\" class='author-img' src=\"\/\/basketiqapp.com\/wp-content\/uploads\/2023\/11\/Logo-Burdeos-Fondo-Transparente-small.png\" alt=\"F\u00f6rfattarens bild\">\r\n                    \r\n                    <!-- Signature -->\r\n                    \r\n                                            <h4>Campus La Marina<\/h4>\r\n                    \r\n                                            <span>Sommarl\u00e4ger f\u00f6r basketspelare<\/span>\r\n                                    <\/div>\r\n            <\/div>\r\n            \r\n<\/div>\r\n<div class=\"fw-divider-space space-sm\"  ><\/div>        <\/div>\r\n    <\/div>\r\n<\/div><\/div>\n\n        <\/div>\r\n    <\/div>\r\n<\/section>","protected":false},"excerpt":{"rendered":"<p>Google reviews Smal selection of reviews received on google I am using BasketIQ for the management of my professional team, its functionality is very useful for planning, monitoring and controlling the daily work. Excellent tool to organise and monitor all tasks efficiently. Undoubtedly, it is a highly recommended application for any coach looking to optimise [&hellip;]<\/p>\n","protected":false},"author":1,"featured_media":0,"parent":0,"menu_order":0,"comment_status":"closed","ping_status":"closed","template":"template\/template-full-width.php","meta":{"_monsterinsights_skip_tracking":false,"_monsterinsights_sitenote_active":false,"_monsterinsights_sitenote_note":"","_monsterinsights_sitenote_category":0,"ngg_post_thumbnail":0,"footnotes":""},"class_list":["post-806","page","type-page","status-publish","hentry"],"yoast_head":"<!-- This site is optimized with the Yoast SEO plugin v27.3 - https:\/\/yoast.com\/product\/yoast-seo-wordpress\/ -->\n<title>Testimonial - BasketIQ APP<\/title>\n<meta name=\"robots\" content=\"index, follow, max-snippet:-1, max-image-preview:large, max-video-preview:-1\" \/>\n<link rel=\"canonical\" href=\"https:\/\/basketiqapp.com\/sv\/testimonial\/\" \/>\n<meta property=\"og:locale\" content=\"sv_SE\" \/>\n<meta property=\"og:type\" content=\"article\" \/>\n<meta property=\"og:title\" content=\"Testimonial - BasketIQ APP\" \/>\n<meta property=\"og:description\" content=\"Google reviews Smal selection of reviews received on google I am using BasketIQ for the management of my professional team, its functionality is very useful for planning, monitoring and controlling the daily work. Excellent tool to organise and monitor all tasks efficiently. Undoubtedly, it is a highly recommended application for any coach looking to optimise [&hellip;]\" \/>\n<meta property=\"og:url\" content=\"https:\/\/basketiqapp.com\/sv\/testimonial\/\" \/>\n<meta property=\"og:site_name\" content=\"BasketIQ APP\" \/>\n<meta property=\"article:publisher\" content=\"https:\/\/www.facebook.com\/BasketIQApp\" \/>\n<meta property=\"article:modified_time\" content=\"2024-06-26T21:41:04+00:00\" \/>\n<meta name=\"twitter:card\" content=\"summary_large_image\" \/>\n<meta name=\"twitter:site\" content=\"@BasketIQ_App\" \/>\n<meta name=\"twitter:label1\" content=\"Ber\u00e4knad l\u00e4stid\" \/>\n\t<meta name=\"twitter:data1\" content=\"4 minuter\" \/>\n<script type=\"application\/ld+json\" class=\"yoast-schema-graph\">{\"@context\":\"https:\\\/\\\/schema.org\",\"@graph\":[{\"@type\":\"WebPage\",\"@id\":\"https:\\\/\\\/basketiqapp.com\\\/testimonial\\\/\",\"url\":\"https:\\\/\\\/basketiqapp.com\\\/testimonial\\\/\",\"name\":\"Testimonial - BasketIQ APP\",\"isPartOf\":{\"@id\":\"https:\\\/\\\/basketiqapp.com\\\/#website\"},\"datePublished\":\"2016-08-23T11:12:09+00:00\",\"dateModified\":\"2024-06-26T21:41:04+00:00\",\"breadcrumb\":{\"@id\":\"https:\\\/\\\/basketiqapp.com\\\/testimonial\\\/#breadcrumb\"},\"inLanguage\":\"sv-SE\",\"potentialAction\":[{\"@type\":\"ReadAction\",\"target\":[\"https:\\\/\\\/basketiqapp.com\\\/testimonial\\\/\"]}]},{\"@type\":\"BreadcrumbList\",\"@id\":\"https:\\\/\\\/basketiqapp.com\\\/testimonial\\\/#breadcrumb\",\"itemListElement\":[{\"@type\":\"ListItem\",\"position\":1,\"name\":\"Portada\",\"item\":\"https:\\\/\\\/basketiqapp.com\\\/\"},{\"@type\":\"ListItem\",\"position\":2,\"name\":\"Testimonial\"}]},{\"@type\":\"WebSite\",\"@id\":\"https:\\\/\\\/basketiqapp.com\\\/#website\",\"url\":\"https:\\\/\\\/basketiqapp.com\\\/\",\"name\":\"BasketIQ APP\",\"description\":\"Inteligent basketball\",\"publisher\":{\"@id\":\"https:\\\/\\\/basketiqapp.com\\\/#organization\"},\"potentialAction\":[{\"@type\":\"SearchAction\",\"target\":{\"@type\":\"EntryPoint\",\"urlTemplate\":\"https:\\\/\\\/basketiqapp.com\\\/?s={search_term_string}\"},\"query-input\":{\"@type\":\"PropertyValueSpecification\",\"valueRequired\":true,\"valueName\":\"search_term_string\"}}],\"inLanguage\":\"sv-SE\"},{\"@type\":\"Organization\",\"@id\":\"https:\\\/\\\/basketiqapp.com\\\/#organization\",\"name\":\"BasketIQ APP\",\"url\":\"https:\\\/\\\/basketiqapp.com\\\/\",\"logo\":{\"@type\":\"ImageObject\",\"inLanguage\":\"sv-SE\",\"@id\":\"https:\\\/\\\/basketiqapp.com\\\/#\\\/schema\\\/logo\\\/image\\\/\",\"url\":\"https:\\\/\\\/basketiqapp.com\\\/wp-content\\\/uploads\\\/2021\\\/02\\\/BasketIQ.png\",\"contentUrl\":\"https:\\\/\\\/basketiqapp.com\\\/wp-content\\\/uploads\\\/2021\\\/02\\\/BasketIQ.png\",\"width\":2500,\"height\":2664,\"caption\":\"BasketIQ APP\"},\"image\":{\"@id\":\"https:\\\/\\\/basketiqapp.com\\\/#\\\/schema\\\/logo\\\/image\\\/\"},\"sameAs\":[\"https:\\\/\\\/www.facebook.com\\\/BasketIQApp\",\"https:\\\/\\\/x.com\\\/BasketIQ_App\"]}]}<\/script>\n<!-- \/ Yoast SEO plugin. -->","yoast_head_json":{"title":"Vittnesm\u00e5l - BasketIQ APP","robots":{"index":"index","follow":"follow","max-snippet":"max-snippet:-1","max-image-preview":"max-image-preview:large","max-video-preview":"max-video-preview:-1"},"canonical":"https:\/\/basketiqapp.com\/sv\/testimonial\/","og_locale":"sv_SE","og_type":"article","og_title":"Testimonial - BasketIQ APP","og_description":"Google reviews Smal selection of reviews received on google I am using BasketIQ for the management of my professional team, its functionality is very useful for planning, monitoring and controlling the daily work. Excellent tool to organise and monitor all tasks efficiently. Undoubtedly, it is a highly recommended application for any coach looking to optimise [&hellip;]","og_url":"https:\/\/basketiqapp.com\/sv\/testimonial\/","og_site_name":"BasketIQ APP","article_publisher":"https:\/\/www.facebook.com\/BasketIQApp","article_modified_time":"2024-06-26T21:41:04+00:00","twitter_card":"summary_large_image","twitter_site":"@BasketIQ_App","twitter_misc":{"Ber\u00e4knad l\u00e4stid":"4 minuter"},"schema":{"@context":"https:\/\/schema.org","@graph":[{"@type":"WebPage","@id":"https:\/\/basketiqapp.com\/testimonial\/","url":"https:\/\/basketiqapp.com\/testimonial\/","name":"Vittnesm\u00e5l - BasketIQ APP","isPartOf":{"@id":"https:\/\/basketiqapp.com\/#website"},"datePublished":"2016-08-23T11:12:09+00:00","dateModified":"2024-06-26T21:41:04+00:00","breadcrumb":{"@id":"https:\/\/basketiqapp.com\/testimonial\/#breadcrumb"},"inLanguage":"sv-SE","potentialAction":[{"@type":"ReadAction","target":["https:\/\/basketiqapp.com\/testimonial\/"]}]},{"@type":"BreadcrumbList","@id":"https:\/\/basketiqapp.com\/testimonial\/#breadcrumb","itemListElement":[{"@type":"ListItem","position":1,"name":"Portada","item":"https:\/\/basketiqapp.com\/"},{"@type":"ListItem","position":2,"name":"Testimonial"}]},{"@type":"WebSite","@id":"https:\/\/basketiqapp.com\/#website","url":"https:\/\/basketiqapp.com\/","name":"BasketIQ APP","description":"Inteligent basketboll","publisher":{"@id":"https:\/\/basketiqapp.com\/#organization"},"potentialAction":[{"@type":"SearchAction","target":{"@type":"EntryPoint","urlTemplate":"https:\/\/basketiqapp.com\/?s={search_term_string}"},"query-input":{"@type":"PropertyValueSpecification","valueRequired":true,"valueName":"search_term_string"}}],"inLanguage":"sv-SE"},{"@type":"Organization","@id":"https:\/\/basketiqapp.com\/#organization","name":"BasketIQ APP","url":"https:\/\/basketiqapp.com\/","logo":{"@type":"ImageObject","inLanguage":"sv-SE","@id":"https:\/\/basketiqapp.com\/#\/schema\/logo\/image\/","url":"https:\/\/basketiqapp.com\/wp-content\/uploads\/2021\/02\/BasketIQ.png","contentUrl":"https:\/\/basketiqapp.com\/wp-content\/uploads\/2021\/02\/BasketIQ.png","width":2500,"height":2664,"caption":"BasketIQ APP"},"image":{"@id":"https:\/\/basketiqapp.com\/#\/schema\/logo\/image\/"},"sameAs":["https:\/\/www.facebook.com\/BasketIQApp","https:\/\/x.com\/BasketIQ_App"]}]}},"_links":{"self":[{"href":"https:\/\/basketiqapp.com\/sv\/wp-json\/wp\/v2\/pages\/806","targetHints":{"allow":["GET"]}}],"collection":[{"href":"https:\/\/basketiqapp.com\/sv\/wp-json\/wp\/v2\/pages"}],"about":[{"href":"https:\/\/basketiqapp.com\/sv\/wp-json\/wp\/v2\/types\/page"}],"author":[{"embeddable":true,"href":"https:\/\/basketiqapp.com\/sv\/wp-json\/wp\/v2\/users\/1"}],"replies":[{"embeddable":true,"href":"https:\/\/basketiqapp.com\/sv\/wp-json\/wp\/v2\/comments?post=806"}],"version-history":[{"count":33,"href":"https:\/\/basketiqapp.com\/sv\/wp-json\/wp\/v2\/pages\/806\/revisions"}],"predecessor-version":[{"id":2047,"href":"https:\/\/basketiqapp.com\/sv\/wp-json\/wp\/v2\/pages\/806\/revisions\/2047"}],"wp:attachment":[{"href":"https:\/\/basketiqapp.com\/sv\/wp-json\/wp\/v2\/media?parent=806"}],"curies":[{"name":"wp","href":"https:\/\/api.w.org\/{rel}","templated":true}]}}