{"id":1383,"date":"2023-02-26T13:54:30","date_gmt":"2023-02-26T12:54:30","guid":{"rendered":"https:\/\/basketiqapp.com\/?page_id=1383"},"modified":"2023-05-06T23:37:12","modified_gmt":"2023-05-06T22:37:12","slug":"legal-advice","status":"publish","type":"page","link":"https:\/\/basketiqapp.com\/sv\/legal-advice\/","title":{"rendered":"R\u00e4ttsligt meddelande"},"content":{"rendered":"<p><section  id=\"section-69db7ba2be130\"  class=\"fw-main-row\"  style=\"background-color:#0d5257;  height: 115px; line-height: 115px;\"  >\r\n    <div >\r\n        <div class=\"fw-container-fluid no-spacing\">\r\n        <\/div>\r\n    <\/div>\r\n<\/section>\r\n<section  id=\"section-69db7ba2be1d7\"  class=\"fw-main-row   auto\"  style=\"  \"  >\r\n    <div >\r\n        <div class=\"fw-container sections\">\r\n<div class=\"fw-row\">\n\t\r\n\r\n\r\n<div id=\"column-69db7ba2be432\" class=\"none  fw-col-sm-12      wow\" data-wow-offset=\"120\" data-wow-duration=\"1.5s\" style=\"  \">\r\n        <div class=\"fw-main-row\"  style=\"\">\r\n        <div class=\"fw-col-inner\">\r\n            \r\n<div class=\"fw-heading section-header fw-heading-h1    wow fadeIn\" data-wow-offset=\"120\" data-wow-duration=\"1.5s\" style=\"color:\">\r\n        <div class=\"mockup-text fw-special-title-half\"><h1 class='fw-special-title'>R\u00e4ttsligt meddelande <\/h1><\/div>\r\n\r\n    \r\n    \r\n\r\n<\/div><ol><li><strong>\u00c4gare av webbplatsen:<\/strong><\/li><\/ol><p>\u00c4garen av webbplatsen https:\/\/basketiqapp.com\/ (nedan kallad webbplatsen) \u00e4r handelsbolaget BasketIQ Deporte Inteligente, S.L., med s\u00e4te p\u00e5 c\/ Creta 67 - 28, Gran Alacant, 03130, Santa Pola (Alicante), med NIF: B10825560 och vederb\u00f6rligen registrerat i Alicantes handelsregister i volym 4.491, folio 12, sektion 8, sida A-180797. Nedan kallat \"BasketIQ\".<\/p><p>BasketIQ kan kontaktas direkt och effektivt genom att skicka ett e-postmeddelande till f\u00f6ljande adress: contact@basketiqapp.com.<\/p><p><strong>Webbplatsen:<\/strong><br \/>Genom webbplatsen ger BasketIQ dig information om sin verksamhet, liksom m\u00f6jligheten att kontakta dig f\u00f6r att beg\u00e4ra ytterligare information och\/eller avtala om sina tj\u00e4nster i enlighet med de villkor som i alla fall kommer att g\u00f6ras tillg\u00e4ngliga f\u00f6r dig innan du ing\u00e5r avtal, f\u00f6r att du ska kunna l\u00e4sa och acceptera dem om de \u00e4r f\u00f6renliga.<\/p><p>Vi p\u00e5minner dig om att de tj\u00e4nster som BasketIQ erbjuder endast f\u00e5r anv\u00e4ndas av fysiska eller juridiska personer som bedriver idrottsrelaterad verksamhet, med syfte som \u00e4r kopplat till deras kommersiella verksamhet, aff\u00e4rsverksamhet, handel eller yrke, i enlighet med best\u00e4mmelserna i avtalsvillkoren.<\/p><p>P\u00e5 samma s\u00e4tt ges via webbplatsen tillg\u00e5ng till \"BasketIQ Software\" som best\u00e5r av en SaaS (Software as a Service) molnl\u00f6sning som g\u00f6r det m\u00f6jligt f\u00f6r den anv\u00e4ndare som ing\u00e5r ett avtal om tj\u00e4nsten och som f\u00e5r tillg\u00e5ngskoder (anv\u00e4ndare och l\u00f6senord) att anv\u00e4nda tj\u00e4nsten som best\u00e5r av idrottshantering av basketlag med f\u00f6ljande funktioner:<\/p><p>- Skapa anv\u00e4ndarprofiler och skapa filter f\u00f6r anv\u00e4ndarna.<\/p><p>- Registrering och hantering av spelare (individuella uppgifter, status, utveckling).<\/p><p>- Kalender: f\u00f6r planering av laget\/lagen, tillg\u00e5ng till spel- och tr\u00e4ningsbanor, m\u00f6jlighet att skapa filter f\u00f6r anv\u00e4ndarna.<\/p><p>- Whiteboard: f\u00f6r skapande av \u00f6vningar och spel.<\/p><p class=\"translation-block\"><strong>- S\u00e4songsplanering: <\/strong>f\u00f6r \u00e5rlig, m\u00e5natlig, veckovis eller daglig planering av tr\u00e4ningspass och matcher.<\/p><p>- \u00d6vningsdatabas: \u00f6vningar klassificerade och organiserade med en whiteboard, beskrivningar och videor.<\/p><p>F\u00f6r n\u00e4rvarande \u00e4r det inte m\u00f6jligt att k\u00f6pa \"BasketIQ Software\" elektroniskt. F\u00f6r detta \u00e4ndam\u00e5l m\u00e5ste du kontakta BasketIQ.<\/p><p><strong>Anv\u00e4ndning av webbplatsen:<\/strong><br \/>Genom att g\u00e5 in p\u00e5 och\/eller anv\u00e4nda webbplatsen har du anv\u00e4ndarstatus och \u00e4r skyldig att f\u00f6lja best\u00e4mmelserna i detta dokument.<\/p><p><strong>3.1. Spr\u00e5k:<\/strong><\/p><p>Inneh\u00e5llet p\u00e5 webbplatsen finns p\u00e5 spanska, franska, svenska och engelska.<\/p><p>&nbsp;<\/p><p><strong>3.2. Korrekt anv\u00e4ndning av webbplatsen:<\/strong><\/p><p>Med tillg\u00e5ng till och\/eller anv\u00e4ndning av webbplatsen \u00e4r du skyldig att alltid anv\u00e4nda de resurser som BasketIQ st\u00e4ller till ditt f\u00f6rfogande p\u00e5 ett l\u00e4mpligt s\u00e4tt, i enlighet med best\u00e4mmelserna i detta avtal och med respekt f\u00f6r moral, allm\u00e4n ordning, god sed och g\u00e4llande lag, utan att orsaka skador p\u00e5 BasketIQs eller tredje parts fysiska och logiska system.<\/p><p>Du kommer att anv\u00e4nda webbplatsen p\u00e5 ditt eget ansvar f\u00f6r de \u00e4ndam\u00e5l som BasketIQ har f\u00f6rutsett och genom de funktioner som BasketIQ har gjort tillg\u00e4ngliga. All annan anv\u00e4ndning av Webbplatsen ger BasketIQ r\u00e4tt att st\u00e4nga av din tillg\u00e5ng till Webbplatsen och\/eller anv\u00e4ndningen av Oralvision.<\/p><p>Anv\u00e4ndning av tekniker f\u00f6r sk\u00e4rmskrapning, webbskrapning eller n\u00e5gon annan programmeringsteknik (eller av n\u00e5got annat slag) som g\u00f6r det m\u00f6jligt att extrahera information eller data som finns, lagras eller \u00e4r tillg\u00e4ngliga p\u00e5 webbplatsen \u00e4r uttryckligen f\u00f6rbjuden utan BasketIQs uttryckliga skriftliga tillst\u00e5nd.<\/p><p><strong>3.3. Anv\u00e4ndarnas deltagande:<\/strong><\/p><p>Om du via webbplatsen kan delta genom att publicera kommentarer eller skapa inneh\u00e5ll \u00e4r det absolut f\u00f6rbjudet att sprida inneh\u00e5ll eller propaganda av olaglig karakt\u00e4r, s\u00e5som rasistiskt eller fr\u00e4mlingsfientligt inneh\u00e5ll, terrorism, som kr\u00e4nker de m\u00e4nskliga r\u00e4ttigheterna, som uppmanar till hat, som kr\u00e4nker personens v\u00e4rdighet, som \u00e4r f\u00f6rtalande eller \u00e4rekr\u00e4nkande, som strider mot den allm\u00e4nna ordningen eller s\u00e4kerheten eller som g\u00f6r intr\u00e5ng i immateriella eller industriella r\u00e4ttigheter.<\/p><p>BasketIQ f\u00f6rbeh\u00e5ller sig r\u00e4tten att ta bort alla kommentarer och\/eller inneh\u00e5ll som inte uppfyller ovanst\u00e5ende eller som inte \u00e4r l\u00e4mpliga att publicera p\u00e5 webbplatsen.<\/p><p>BasketIQ \u00e4r under alla omst\u00e4ndigheter inte ansvarig f\u00f6r de \u00e5sikter som uttrycks eller f\u00f6r det inneh\u00e5ll som publiceras av anv\u00e4ndarna genom forum, chattar, bloggar eller andra verktyg f\u00f6r deltagande som i dess fall kan skapas, utom i de fall som uttryckligen f\u00f6reskrivs i till\u00e4mpliga best\u00e4mmelser.<\/p><p>&nbsp;<\/p><p>Avbrott i driften av webbplatsen:<br \/>BasketIQ garanterar inte att det inte kommer att f\u00f6rekomma n\u00e5gra avbrott eller fel i tillg\u00e5ngen till webbplatsen. Icke desto mindre finns det ett fast \u00e5tagande att, s\u00e5 snart BasketIQ har k\u00e4nnedom om s\u00e5dana incidenter, utf\u00f6ra alla \u00e5tg\u00e4rder som syftar till att \u00e5teruppr\u00e4tta eller reparera den, utom vid sammantr\u00e4ffande av orsaker utanf\u00f6r BasketIQ:s kontroll som g\u00f6r det om\u00f6jligt eller f\u00f6rsv\u00e5rar utf\u00f6randet.<\/p><p>Om du avtalar om BasketIQ-programvaran kommer det serviceniv\u00e5avtal (SLA) som fastst\u00e4lls i avtalsvillkoren att till\u00e4mpas.<\/p><p>&nbsp;<\/p><p><strong>Befrielse fr\u00e5n ansvar:<\/strong><br \/>Om inte annat uttryckligen f\u00f6reskrivs i dessa villkor eller i till\u00e4mplig lagstiftning och, uteslutande, i den omfattning och utstr\u00e4ckning som det f\u00f6reskrivs, \u00e4r BasketIQ endast ansvarig f\u00f6r direkta skador som anv\u00e4ndaren lider och endast n\u00e4r de har orsakats av en orsak som direkt kan tillskrivas BasketIQ.<\/p><p>BasketIQ tar inte p\u00e5 sig n\u00e5got ansvar:<\/p><p>- F\u00f6r de problem som beror p\u00e5 bristande tillg\u00e5ng eller p\u00e5 problem med anslutningen till Internet eller eln\u00e4tet n\u00e4r dessa har sitt ursprung i orsaker som ligger utanf\u00f6r dess kontroll eller orsaker som inte kunde f\u00f6rutses av parterna eller som, \u00e4ven om de kunde f\u00f6rutses, BasketIQ har gjort alla rimliga anstr\u00e4ngningar f\u00f6r att undvika dem eller som ans\u00e5gs vara tillf\u00e4lliga orsaker eller force majeure.<\/p><p>- F\u00f6r skador av alla slag som kan orsakas p\u00e5 anv\u00e4ndarens fysiska och logiska system eller p\u00e5 de filer eller dokument som lagras d\u00e4r, till f\u00f6ljd av f\u00f6rekomsten av virus i anv\u00e4ndarens enhet eller av en funktionsst\u00f6rning eller anv\u00e4ndning av en icke uppdaterad version av anv\u00e4ndarens webbl\u00e4sare.<\/p><p>- P\u00e5 grund av bristande sanning, noggrannhet och\/eller giltighet i de uppgifter som anv\u00e4ndaren l\u00e4mnat. BasketIQ har ingen skyldighet att \u00f6vervaka s\u00e5dana uppgifter och\/eller information.<\/p><p>- F\u00f6r \u00e5tg\u00e4rder eller f\u00f6rsummelser som \u00e4r direkt h\u00e4nf\u00f6rbara till anv\u00e4ndaren eller till tredje part som \u00e4r direkt beroende av anv\u00e4ndaren.<\/p><p>- F\u00f6r det faktum att tj\u00e4nsten inte motsvarar anv\u00e4ndarens f\u00f6rv\u00e4ntningar eller inte anpassar sig till hans behov, f\u00f6r patrimoniella vinster eller f\u00f6rluster i anv\u00e4ndarens verksamhet, eftersom det \u00e4r upp till anv\u00e4ndaren att bed\u00f6ma om den \u00e4r anv\u00e4ndbar f\u00f6r hans \u00e4ndam\u00e5l innan den anv\u00e4nds.<\/p><p>- Om anv\u00e4ndaren inte uppfyller sina skyldigheter.<\/p><p>Immateriell och industriell \u00e4gander\u00e4tt:<br \/>Samtliga element och\/eller inneh\u00e5ll som publiceras p\u00e5 webbplatsen har skapats av BasketIQ eller har en licens eller ett tillst\u00e5nd att anv\u00e4nda dem.<\/p><p>D\u00e4rf\u00f6r \u00e4r alla dessa delar och\/eller inneh\u00e5ll (t.ex. bilder, ljud, video, programvara eller texter, varum\u00e4rken eller logotyper, f\u00e4rgkombinationer, struktur och design, applikationer som \u00e4r n\u00f6dv\u00e4ndiga f\u00f6r drift, tillg\u00e5ng och anv\u00e4ndning etc.) och exploateringsr\u00e4ttigheterna f\u00f6r dem, exklusivt \u00e4gda av BasketIQ.<\/p><p>Det \u00e4r helt f\u00f6rbjudet att reproducera, distribuera, offentligg\u00f6ra - inklusive dess s\u00e4tt att g\u00f6ra det tillg\u00e4ngligt - och omvandla hela eller delar av inneh\u00e5llet p\u00e5 webbplatsen, p\u00e5 alla s\u00e4tt och med alla tekniska hj\u00e4lpmedel, utan f\u00f6reg\u00e5ende uttryckligt och skriftligt tillst\u00e5nd fr\u00e5n BasketIQ.<\/p><p>Om n\u00e5gon av de ovan n\u00e4mnda f\u00f6rbjudna \u00e5tg\u00e4rderna utf\u00f6rs kommer de exklusiva immateriella eller industriella r\u00e4ttigheter som tillh\u00f6r BasketIQ att kr\u00e4nkas. Anv\u00e4ndaren \u00e4r d\u00e4rf\u00f6r skyldig att respektera dessa r\u00e4ttigheter och avst\u00e5 fr\u00e5n att undertrycka, \u00e4ndra, kringg\u00e5 eller manipulera skyddsanordningar eller s\u00e4kerhetssystem som installerats p\u00e5 de sidor som \u00e4gs av BasketIQ.<\/p><p>BasketIQ erbjuder m\u00f6jligheten att anm\u00e4la alla typer av intr\u00e5ng i r\u00e4ttigheterna som beg\u00e5s av en anv\u00e4ndare eller tredje part, oavsett orsak, genom att meddela s\u00e5dana omst\u00e4ndigheter genom att skicka ett e-postmeddelande till den adress som anges ovan.<\/p><p>&nbsp;<\/p><p><strong>L\u00e4nkpolicy:<\/strong><br \/><strong>7.1. L\u00e4nkar fr\u00e5n andra webbplatser:<\/strong><\/p><p>Om en l\u00e4nk ska uppr\u00e4ttas fr\u00e5n en webbsida p\u00e5 en annan Internetportal till n\u00e5gon av BasketIQ:s webbsidor m\u00e5ste f\u00f6ljande villkor uppfyllas:<\/p><p>- Det \u00e4r inte till\u00e5tet att helt eller delvis reproducera n\u00e5gon av webbplatsens tj\u00e4nster eller inneh\u00e5ll, och det \u00e4r inte heller till\u00e5tet att uppr\u00e4tta djupl\u00e4nkar, IMG- eller bildl\u00e4nkar eller ramar med webbplatsen utan f\u00f6reg\u00e5ende uttryckligt och skriftligt tillst\u00e5nd.<\/p><p>- Inga falska, felaktiga eller inkorrekta p\u00e5st\u00e5enden f\u00e5r g\u00f6ras om webbplatsen eller om webbplatsens tj\u00e4nster eller inneh\u00e5ll. Med undantag f\u00f6r de tecken som ing\u00e5r i l\u00e4nken f\u00e5r den webbsida d\u00e4r l\u00e4nken uppr\u00e4ttas inte inneh\u00e5lla n\u00e5got varum\u00e4rke, handelsnamn, etableringsm\u00e4rke, ben\u00e4mning, logotyp, slogan eller andra s\u00e4rskiljande tecken som tillh\u00f6r BasketIQ, om inte BasketIQ uttryckligen godk\u00e4nt detta.<\/p><p>- Att l\u00e4nken uppr\u00e4ttas inneb\u00e4r inte att det finns n\u00e5gon relation mellan BasketIQ och \u00e4garen av den webbsida eller portal fr\u00e5n vilken l\u00e4nken uppr\u00e4ttas, och inte heller att BasketIQ k\u00e4nner till och accepterar de tj\u00e4nster och det inneh\u00e5ll som erbjuds p\u00e5 en s\u00e5dan webbsida eller portal.<\/p><p>- BasketIQ ansvarar inte f\u00f6r det inneh\u00e5ll eller de tj\u00e4nster som g\u00f6rs tillg\u00e4ngliga f\u00f6r allm\u00e4nheten p\u00e5 den webbsida eller portal fr\u00e5n vilken hyperl\u00e4nken g\u00f6rs, inte heller f\u00f6r den information och de uttalanden som ing\u00e5r d\u00e4r.<\/p><p><strong>7.2. L\u00e4nkar till andra webbplatser:<\/strong><\/p><p>Webbplatsen kan st\u00e4lla l\u00e4nkar till andra webbplatser som f\u00f6rvaltas och kontrolleras av tredje part, med den exklusiva funktionen att underl\u00e4tta anv\u00e4ndarnas s\u00f6kning efter information, inneh\u00e5ll och tj\u00e4nster p\u00e5 Internet, utan att det i n\u00e5got fall kan anses att BasketIQ kommersialiserar, styr, kontrollerar eller g\u00f6r sig till \u00e4gare av inneh\u00e5llet, tj\u00e4nsterna, informationen och uttalandena som finns p\u00e5 dessa webbplatser.<\/p><p>BasketIQ tar inget ansvar, inte ens indirekt eller subsidi\u00e4rt, f\u00f6r inneh\u00e5ll, information, kommunikation, \u00e5sikter eller tj\u00e4nster som \u00e4r l\u00e4nkade fr\u00e5n webbplatser som inte f\u00f6rvaltas av BasketIQ och som \u00e4r tillg\u00e4ngliga via webben, och garanterar inte heller att de inte inneh\u00e5ller virus eller andra element som kan orsaka f\u00f6r\u00e4ndringar i datasystemet (h\u00e5rdvara och mjukvara), i anv\u00e4ndarens dokument eller filer, vilket utesluter allt ansvar f\u00f6r skador av n\u00e5got slag som orsakas anv\u00e4ndaren av denna anledning.<\/p><p>&nbsp;<\/p><p><strong>Bristande efterlevnad. R\u00e4tt till uteslutning:<\/strong><br \/>Varje brott mot de anv\u00e4ndningsvillkor som anges i detta r\u00e4ttsliga meddelande kan leda till \u00e5tal, liksom varje otillb\u00f6rlig anv\u00e4ndning av webben, och BasketIQ kan vidta alla r\u00e4ttsliga \u00e5tg\u00e4rder som kan komma att motsvara dem f\u00f6r att f\u00f6rsvara sina legitima intressen.<\/p><p>BasketIQ f\u00f6rbeh\u00e5ller sig r\u00e4tten att utan f\u00f6rvarning, p\u00e5 egen eller tredje parts beg\u00e4ran, neka eller dra in tillg\u00e5ngen till webbplatsen f\u00f6r de anv\u00e4ndare som inte f\u00f6ljer anv\u00e4ndarvillkoren, och utan att det p\u00e5verkar till\u00e4mpningen, att uppm\u00e4rksamma de beh\u00f6riga myndigheterna p\u00e5 anv\u00e4ndarens olagliga beteende.<\/p><p>&nbsp;<\/p><p><strong>Skydd av personuppgifter:<\/strong><br \/>P\u00e5 BasketIQ \u00e4r vi engagerade i att f\u00f6lja de spanska best\u00e4mmelserna om skydd av personuppgifter och vi garanterar full \u00f6verensst\u00e4mmelse med de skyldigheter som f\u00f6reskrivs, liksom genomf\u00f6randet av de s\u00e4kerhets\u00e5tg\u00e4rder som f\u00f6reskrivs i Europaparlamentets och r\u00e5dets f\u00f6rordning (EU) 2016\/679 av den 27 april 2016 och lag 41\/2002 av den 14 november.<\/p><p>BasketIQ g\u00f6r sin sekretesspolicy tillg\u00e4nglig f\u00f6r anv\u00e4ndarna, d\u00e4r all information om behandlingen av deras uppgifter samlas in, och bland annat:<\/p><p>- Uppgifter om den personuppgiftsansvarige.<\/p><p>- Behandlade uppgifter.<\/p><p>- \u00c4ndam\u00e5l och r\u00e4ttslig grund f\u00f6r behandlingen.<\/p><p>- R\u00e4ttigheter som alla anv\u00e4ndare har r\u00e4tt till och f\u00f6rfarandet f\u00f6r att ut\u00f6va dem.<\/p><p>&nbsp;<\/p><p><strong>\u00c4ndring av dessa villkor:<\/strong><br \/>BasketIQ kan n\u00e4r som helst \u00e4ndra de villkor som fastst\u00e4lls i detta dokument, och de publiceras i vederb\u00f6rlig ordning n\u00e4r de visas h\u00e4r. Giltigheten av ovan n\u00e4mnda anv\u00e4ndningsvillkor beror p\u00e5 deras exponering och kommer att vara i kraft tills de \u00e4ndras genom andra vederb\u00f6rligen publicerade.<\/p><p><strong>11. Till\u00e4mplig lag:<\/strong> Dessa anv\u00e4ndarvillkor ska regleras av spansk lag.<\/p>        <\/div>\r\n    <\/div>\r\n<\/div><\/div>\n\n        <\/div>\r\n    <\/div>\r\n<\/section>\r\n<\/p>","protected":false},"excerpt":{"rendered":"<p>Legal Notice Owner of the website:The owner of the website https:\/\/basketiqapp.com\/ (hereinafter, the Website) is the trading company BasketIQ Deporte Inteligente, S.L., with registered office at c\/ Creta 67 &#8211; 28, Gran Alacant, 03130, Santa Pola (Alicante), with NIF: B10825560 and duly registered in the Mercantile Register of Alicante in volume 4.491 , folio 12, [&hellip;]<\/p>\n","protected":false},"author":2,"featured_media":0,"parent":0,"menu_order":0,"comment_status":"closed","ping_status":"closed","template":"template\/template-builder.php","meta":{"_monsterinsights_skip_tracking":false,"_monsterinsights_sitenote_active":false,"_monsterinsights_sitenote_note":"","_monsterinsights_sitenote_category":0,"ngg_post_thumbnail":0,"footnotes":""},"class_list":["post-1383","page","type-page","status-publish","hentry"],"yoast_head":"<!-- This site is optimized with the Yoast SEO plugin v27.3 - https:\/\/yoast.com\/product\/yoast-seo-wordpress\/ -->\n<title>Legal Notice - BasketIQ APP<\/title>\n<meta name=\"robots\" content=\"index, follow, max-snippet:-1, max-image-preview:large, max-video-preview:-1\" \/>\n<link rel=\"canonical\" href=\"https:\/\/basketiqapp.com\/sv\/legal-advice\/\" \/>\n<meta property=\"og:locale\" content=\"sv_SE\" \/>\n<meta property=\"og:type\" content=\"article\" \/>\n<meta property=\"og:title\" content=\"Legal Notice - BasketIQ APP\" \/>\n<meta property=\"og:description\" content=\"Legal Notice Owner of the website:The owner of the website https:\/\/basketiqapp.com\/ (hereinafter, the Website) is the trading company BasketIQ Deporte Inteligente, S.L., with registered office at c\/ Creta 67 - 28, Gran Alacant, 03130, Santa Pola (Alicante), with NIF: B10825560 and duly registered in the Mercantile Register of Alicante in volume 4.491 , folio 12, [&hellip;]\" \/>\n<meta property=\"og:url\" content=\"https:\/\/basketiqapp.com\/sv\/legal-advice\/\" \/>\n<meta property=\"og:site_name\" content=\"BasketIQ APP\" \/>\n<meta property=\"article:publisher\" content=\"https:\/\/www.facebook.com\/BasketIQApp\" \/>\n<meta property=\"article:modified_time\" content=\"2023-05-06T22:37:12+00:00\" \/>\n<meta name=\"twitter:card\" content=\"summary_large_image\" \/>\n<meta name=\"twitter:site\" content=\"@BasketIQ_App\" \/>\n<meta name=\"twitter:label1\" content=\"Ber\u00e4knad l\u00e4stid\" \/>\n\t<meta name=\"twitter:data1\" content=\"10 minuter\" \/>\n<script type=\"application\/ld+json\" class=\"yoast-schema-graph\">{\"@context\":\"https:\\\/\\\/schema.org\",\"@graph\":[{\"@type\":\"WebPage\",\"@id\":\"https:\\\/\\\/basketiqapp.com\\\/es\\\/legal-advice\\\/\",\"url\":\"https:\\\/\\\/basketiqapp.com\\\/es\\\/legal-advice\\\/\",\"name\":\"Legal Notice - BasketIQ APP\",\"isPartOf\":{\"@id\":\"https:\\\/\\\/basketiqapp.com\\\/#website\"},\"datePublished\":\"2023-02-26T12:54:30+00:00\",\"dateModified\":\"2023-05-06T22:37:12+00:00\",\"breadcrumb\":{\"@id\":\"https:\\\/\\\/basketiqapp.com\\\/es\\\/legal-advice\\\/#breadcrumb\"},\"inLanguage\":\"sv-SE\",\"potentialAction\":[{\"@type\":\"ReadAction\",\"target\":[\"https:\\\/\\\/basketiqapp.com\\\/es\\\/legal-advice\\\/\"]}]},{\"@type\":\"BreadcrumbList\",\"@id\":\"https:\\\/\\\/basketiqapp.com\\\/es\\\/legal-advice\\\/#breadcrumb\",\"itemListElement\":[{\"@type\":\"ListItem\",\"position\":1,\"name\":\"Portada\",\"item\":\"https:\\\/\\\/basketiqapp.com\\\/\"},{\"@type\":\"ListItem\",\"position\":2,\"name\":\"Legal Notice\"}]},{\"@type\":\"WebSite\",\"@id\":\"https:\\\/\\\/basketiqapp.com\\\/#website\",\"url\":\"https:\\\/\\\/basketiqapp.com\\\/\",\"name\":\"BasketIQ APP\",\"description\":\"Inteligent basketball\",\"publisher\":{\"@id\":\"https:\\\/\\\/basketiqapp.com\\\/#organization\"},\"potentialAction\":[{\"@type\":\"SearchAction\",\"target\":{\"@type\":\"EntryPoint\",\"urlTemplate\":\"https:\\\/\\\/basketiqapp.com\\\/?s={search_term_string}\"},\"query-input\":{\"@type\":\"PropertyValueSpecification\",\"valueRequired\":true,\"valueName\":\"search_term_string\"}}],\"inLanguage\":\"sv-SE\"},{\"@type\":\"Organization\",\"@id\":\"https:\\\/\\\/basketiqapp.com\\\/#organization\",\"name\":\"BasketIQ APP\",\"url\":\"https:\\\/\\\/basketiqapp.com\\\/\",\"logo\":{\"@type\":\"ImageObject\",\"inLanguage\":\"sv-SE\",\"@id\":\"https:\\\/\\\/basketiqapp.com\\\/#\\\/schema\\\/logo\\\/image\\\/\",\"url\":\"https:\\\/\\\/basketiqapp.com\\\/wp-content\\\/uploads\\\/2021\\\/02\\\/BasketIQ.png\",\"contentUrl\":\"https:\\\/\\\/basketiqapp.com\\\/wp-content\\\/uploads\\\/2021\\\/02\\\/BasketIQ.png\",\"width\":2500,\"height\":2664,\"caption\":\"BasketIQ APP\"},\"image\":{\"@id\":\"https:\\\/\\\/basketiqapp.com\\\/#\\\/schema\\\/logo\\\/image\\\/\"},\"sameAs\":[\"https:\\\/\\\/www.facebook.com\\\/BasketIQApp\",\"https:\\\/\\\/x.com\\\/BasketIQ_App\"]}]}<\/script>\n<!-- \/ Yoast SEO plugin. -->","yoast_head_json":{"title":"Juridiskt meddelande - BasketIQ APP","robots":{"index":"index","follow":"follow","max-snippet":"max-snippet:-1","max-image-preview":"max-image-preview:large","max-video-preview":"max-video-preview:-1"},"canonical":"https:\/\/basketiqapp.com\/sv\/legal-advice\/","og_locale":"sv_SE","og_type":"article","og_title":"Legal Notice - BasketIQ APP","og_description":"Legal Notice Owner of the website:The owner of the website https:\/\/basketiqapp.com\/ (hereinafter, the Website) is the trading company BasketIQ Deporte Inteligente, S.L., with registered office at c\/ Creta 67 - 28, Gran Alacant, 03130, Santa Pola (Alicante), with NIF: B10825560 and duly registered in the Mercantile Register of Alicante in volume 4.491 , folio 12, [&hellip;]","og_url":"https:\/\/basketiqapp.com\/sv\/legal-advice\/","og_site_name":"BasketIQ APP","article_publisher":"https:\/\/www.facebook.com\/BasketIQApp","article_modified_time":"2023-05-06T22:37:12+00:00","twitter_card":"summary_large_image","twitter_site":"@BasketIQ_App","twitter_misc":{"Ber\u00e4knad l\u00e4stid":"10 minuter"},"schema":{"@context":"https:\/\/schema.org","@graph":[{"@type":"WebPage","@id":"https:\/\/basketiqapp.com\/es\/legal-advice\/","url":"https:\/\/basketiqapp.com\/es\/legal-advice\/","name":"Juridiskt meddelande - BasketIQ APP","isPartOf":{"@id":"https:\/\/basketiqapp.com\/#website"},"datePublished":"2023-02-26T12:54:30+00:00","dateModified":"2023-05-06T22:37:12+00:00","breadcrumb":{"@id":"https:\/\/basketiqapp.com\/es\/legal-advice\/#breadcrumb"},"inLanguage":"sv-SE","potentialAction":[{"@type":"ReadAction","target":["https:\/\/basketiqapp.com\/es\/legal-advice\/"]}]},{"@type":"BreadcrumbList","@id":"https:\/\/basketiqapp.com\/es\/legal-advice\/#breadcrumb","itemListElement":[{"@type":"ListItem","position":1,"name":"Portada","item":"https:\/\/basketiqapp.com\/"},{"@type":"ListItem","position":2,"name":"Legal Notice"}]},{"@type":"WebSite","@id":"https:\/\/basketiqapp.com\/#website","url":"https:\/\/basketiqapp.com\/","name":"BasketIQ APP","description":"Inteligent basketboll","publisher":{"@id":"https:\/\/basketiqapp.com\/#organization"},"potentialAction":[{"@type":"SearchAction","target":{"@type":"EntryPoint","urlTemplate":"https:\/\/basketiqapp.com\/?s={search_term_string}"},"query-input":{"@type":"PropertyValueSpecification","valueRequired":true,"valueName":"search_term_string"}}],"inLanguage":"sv-SE"},{"@type":"Organization","@id":"https:\/\/basketiqapp.com\/#organization","name":"BasketIQ APP","url":"https:\/\/basketiqapp.com\/","logo":{"@type":"ImageObject","inLanguage":"sv-SE","@id":"https:\/\/basketiqapp.com\/#\/schema\/logo\/image\/","url":"https:\/\/basketiqapp.com\/wp-content\/uploads\/2021\/02\/BasketIQ.png","contentUrl":"https:\/\/basketiqapp.com\/wp-content\/uploads\/2021\/02\/BasketIQ.png","width":2500,"height":2664,"caption":"BasketIQ APP"},"image":{"@id":"https:\/\/basketiqapp.com\/#\/schema\/logo\/image\/"},"sameAs":["https:\/\/www.facebook.com\/BasketIQApp","https:\/\/x.com\/BasketIQ_App"]}]}},"_links":{"self":[{"href":"https:\/\/basketiqapp.com\/sv\/wp-json\/wp\/v2\/pages\/1383","targetHints":{"allow":["GET"]}}],"collection":[{"href":"https:\/\/basketiqapp.com\/sv\/wp-json\/wp\/v2\/pages"}],"about":[{"href":"https:\/\/basketiqapp.com\/sv\/wp-json\/wp\/v2\/types\/page"}],"author":[{"embeddable":true,"href":"https:\/\/basketiqapp.com\/sv\/wp-json\/wp\/v2\/users\/2"}],"replies":[{"embeddable":true,"href":"https:\/\/basketiqapp.com\/sv\/wp-json\/wp\/v2\/comments?post=1383"}],"version-history":[{"count":7,"href":"https:\/\/basketiqapp.com\/sv\/wp-json\/wp\/v2\/pages\/1383\/revisions"}],"predecessor-version":[{"id":1511,"href":"https:\/\/basketiqapp.com\/sv\/wp-json\/wp\/v2\/pages\/1383\/revisions\/1511"}],"wp:attachment":[{"href":"https:\/\/basketiqapp.com\/sv\/wp-json\/wp\/v2\/media?parent=1383"}],"curies":[{"name":"wp","href":"https:\/\/api.w.org\/{rel}","templated":true}]}}