{"id":625,"date":"2024-05-13T15:11:26","date_gmt":"2024-05-13T14:11:26","guid":{"rendered":"https:\/\/basketiqapp.com\/?page_id=625"},"modified":"2024-05-22T10:37:23","modified_gmt":"2024-05-22T09:37:23","slug":"blog","status":"publish","type":"page","link":"https:\/\/basketiqapp.com\/it\/blog\/","title":{"rendered":"Blog"},"content":{"rendered":"<div class=\"wp-block-image\">\n<figure class=\"aligncenter size-large\"><a href=\"https:\/\/myclub.basketiqapp.com\/es\/freetrial\/\" target=\"_blank\" rel=\"noreferrer noopener\"><img loading=\"lazy\" decoding=\"async\" width=\"1024\" height=\"267\" src=\"https:\/\/basketiqapp.com\/wp-content\/uploads\/2024\/05\/Img_blog-1024x267.jpg\" alt=\"\" class=\"wp-image-2028\" style=\"object-fit:cover\" srcset=\"https:\/\/basketiqapp.com\/wp-content\/uploads\/2024\/05\/Img_blog-1024x267.jpg 1024w, https:\/\/basketiqapp.com\/wp-content\/uploads\/2024\/05\/Img_blog-300x78.jpg 300w, https:\/\/basketiqapp.com\/wp-content\/uploads\/2024\/05\/Img_blog-768x200.jpg 768w, https:\/\/basketiqapp.com\/wp-content\/uploads\/2024\/05\/Img_blog-1536x400.jpg 1536w, https:\/\/basketiqapp.com\/wp-content\/uploads\/2024\/05\/Img_blog-18x5.jpg 18w, https:\/\/basketiqapp.com\/wp-content\/uploads\/2024\/05\/Img_blog.jpg 1920w\" sizes=\"auto, (max-width: 1024px) 100vw, 1024px\" \/><\/a><\/figure>\n<\/div>\n\n\n<p class=\"has-text-align-center\"><strong>Diferentes aspectos de baloncesto vistos desde nuestro punto de vista.<\/strong><\/p>\n\n\n\n<div class=\"wp-block-columns is-layout-flex wp-container-core-columns-is-layout-9d6595d7 wp-block-columns-is-layout-flex\">\n<div class=\"wp-block-column is-layout-flow wp-block-column-is-layout-flow\" style=\"flex-basis:100%\"><style>.kb-posts-id-625_c82e4d-b1 .entry.loop-entry .entry-header .entry-title{text-transform:uppercase;}.kb-posts-id-625_c82e4d-b1 .kb-post-list-item{display:grid;}<\/style><ul class=\"wp-block-kadence-posts kb-posts kadence-posts-list kb-posts-id-625_c82e4d-b1 content-wrap grid-cols kb-posts-style-unboxed grid-sm-col-2 grid-lg-col-3 item-image-style-above\"><li class=\"kb-post-list-item\">\n\t<article class=\"entry content-bg loop-entry post-1716 post type-post status-publish format-standard has-post-thumbnail hentry category-preparacion-fisica tag-baloncesto tag-cargas tag-control tag-entrenamiento tag-prevencion-lesiones\">\n\t\t\t\t<a aria-hidden=\"true\" tabindex=\"-1\" role=\"presentation\" class=\"post-thumbnail kadence-thumbnail-ratio-2-3\" href=\"https:\/\/basketiqapp.com\/it\/2024\/05\/13\/control-de-cargas-en-baloncesto-no-profesional-es-posible-parte-1\/\" aria-label=\"Control de cargas en baloncesto no profesional. \u00bfEs posible? (Parte 1)\">\n\t\t\t<div class=\"post-thumbnail-inner\">\n\t\t\t\t<img loading=\"lazy\" decoding=\"async\" width=\"768\" height=\"432\" src=\"https:\/\/basketiqapp.com\/wp-content\/uploads\/2024\/05\/106824597-1610641156428ShotTracker2-png-768x432.jpg\" class=\"attachment-medium_large size-medium_large wp-post-image\" alt=\"Control de cargas en baloncesto no profesional. \u00bfEs posible? (Parte 1)\" srcset=\"https:\/\/basketiqapp.com\/wp-content\/uploads\/2024\/05\/106824597-1610641156428ShotTracker2-png-768x432.jpg 768w, https:\/\/basketiqapp.com\/wp-content\/uploads\/2024\/05\/106824597-1610641156428ShotTracker2-png-300x169.jpg 300w, https:\/\/basketiqapp.com\/wp-content\/uploads\/2024\/05\/106824597-1610641156428ShotTracker2-png-18x10.jpg 18w, https:\/\/basketiqapp.com\/wp-content\/uploads\/2024\/05\/106824597-1610641156428ShotTracker2-png.jpg 929w\" sizes=\"auto, (max-width: 768px) 100vw, 768px\" \/>\t\t\t<\/div>\n\t\t<\/a><!-- .post-thumbnail -->\n\t\t\t\t<div class=\"entry-content-wrap\">\n\t\t\t<header class=\"entry-header\">\n\t<h5 class=\"entry-title\"><a href=\"https:\/\/basketiqapp.com\/it\/2024\/05\/13\/control-de-cargas-en-baloncesto-no-profesional-es-posible-parte-1\/\" rel=\"bookmark\">Control de cargas en baloncesto no profesional. \u00bfEs posible? (Parte 1)<\/a><\/h5>\t<div class=\"entry-meta entry-meta-divider-dot\">\n\t<span class=\"posted-by\"><span class=\"author vcard\"><span class=\"fn n\">Jose Antonio S\u00e1nchez<\/span><\/span><\/span>\t\t\t<span class=\"posted-on\">\n\t\t\t\t<time class=\"entry-date published\" datetime=\"2024-05-13T15:07:55+01:00\">13\/05\/2024<\/time><time class=\"updated\" datetime=\"2024-05-13T15:45:38+01:00\">13\/05\/2024<\/time>\t\t\t<\/span>\n\t\t\t<div class=\"meta-comments\"><a class=\"meta-comments-link anchor-scroll\" href=\"https:\/\/basketiqapp.com\/it\/2024\/05\/13\/control-de-cargas-en-baloncesto-no-profesional-es-posible-parte-1\/#comments\">0 Commenti<\/a><\/div>\t<\/div><!-- .entry-meta -->\n\t<\/header><!-- .entry-header -->\n\t<div class=\"entry-summary\">\n\t\t<p>Una de las grandes preocupaciones de los entrenadores de baloncesto, siempre ha sido poder cuantificar la carga de entrenamiento en nuestros equipos. Saber si estoy entrenando mucho o poco, si estoy adecu\u00e1ndome a la planificaci\u00f3n, o si estoy preparando bien a mis jugadores para la competici\u00f3n, es una de las [&hellip;]<\/p>\n\t<\/div><!-- .entry-summary -->\n\t<footer class=\"entry-footer\">\n\t\t\t<div class=\"entry-actions\">\n\t\t\t<p class=\"more-link-wrap\">\n\t\t\t\t<a href=\"https:\/\/basketiqapp.com\/it\/2024\/05\/13\/control-de-cargas-en-baloncesto-no-profesional-es-posible-parte-1\/\" class=\"post-more-link\">\n\t\t\t\t\tREAD MORE<span class=\"screen-reader-text\"> Control de cargas en baloncesto no profesional. \u00bfEs posible? (Parte 1)<\/span><span class=\"kadence-svg-iconset svg-baseline\"><svg aria-hidden=\"true\" class=\"kadence-svg-icon kadence-arrow-right-alt-svg\" fill=\"currentColor\" version=\"1.1\" xmlns=\"http:\/\/www.w3.org\/2000\/svg\" width=\"27\" height=\"28\" viewBox=\"0 0 27 28\"><title>Continua<\/title><path d=\"M27 13.953c0 0.141-0.063 0.281-0.156 0.375l-6 5.531c-0.156 0.141-0.359 0.172-0.547 0.094-0.172-0.078-0.297-0.25-0.297-0.453v-3.5h-19.5c-0.281 0-0.5-0.219-0.5-0.5v-3c0-0.281 0.219-0.5 0.5-0.5h19.5v-3.5c0-0.203 0.109-0.375 0.297-0.453s0.391-0.047 0.547 0.078l6 5.469c0.094 0.094 0.156 0.219 0.156 0.359v0z\"><\/path>\n\t\t\t<\/svg><\/span>\t\t\t\t<\/a>\n\t\t\t<\/p>\n\t\t<\/div><!-- .entry-actions -->\n\t\t<\/footer><!-- .entry-footer -->\t\t<\/div>\n\t<\/article>\n<\/li>\n<li class=\"kb-post-list-item\">\n\t<article class=\"entry content-bg loop-entry post-1577 post type-post status-publish format-standard has-post-thumbnail hentry category-metodologia tag-contenidos tag-entrenamiento tag-metodologia\">\n\t\t\t\t<a aria-hidden=\"true\" tabindex=\"-1\" role=\"presentation\" class=\"post-thumbnail kadence-thumbnail-ratio-2-3\" href=\"https:\/\/basketiqapp.com\/it\/2024\/03\/14\/criterios-para-valorar-la-calidad-de-las-tareas-de-entrenamiento\/\" aria-label=\"Criteria for evaluating the quality of training tasks.\">\n\t\t\t<div class=\"post-thumbnail-inner\">\n\t\t\t\t<img loading=\"lazy\" decoding=\"async\" width=\"768\" height=\"512\" src=\"https:\/\/basketiqapp.com\/wp-content\/uploads\/2024\/03\/358403892_774321454694547_5063544681957734876_n-768x512.jpg\" class=\"attachment-medium_large size-medium_large wp-post-image\" alt=\"Criteria for evaluating the quality of training tasks.\" srcset=\"https:\/\/basketiqapp.com\/wp-content\/uploads\/2024\/03\/358403892_774321454694547_5063544681957734876_n-768x512.jpg 768w, https:\/\/basketiqapp.com\/wp-content\/uploads\/2024\/03\/358403892_774321454694547_5063544681957734876_n-300x200.jpg 300w, https:\/\/basketiqapp.com\/wp-content\/uploads\/2024\/03\/358403892_774321454694547_5063544681957734876_n-1024x683.jpg 1024w, https:\/\/basketiqapp.com\/wp-content\/uploads\/2024\/03\/358403892_774321454694547_5063544681957734876_n-1536x1024.jpg 1536w, https:\/\/basketiqapp.com\/wp-content\/uploads\/2024\/03\/358403892_774321454694547_5063544681957734876_n-18x12.jpg 18w, https:\/\/basketiqapp.com\/wp-content\/uploads\/2024\/03\/358403892_774321454694547_5063544681957734876_n.jpg 2048w\" sizes=\"auto, (max-width: 768px) 100vw, 768px\" \/>\t\t\t<\/div>\n\t\t<\/a><!-- .post-thumbnail -->\n\t\t\t\t<div class=\"entry-content-wrap\">\n\t\t\t<header class=\"entry-header\">\n\t<h5 class=\"entry-title\"><a href=\"https:\/\/basketiqapp.com\/it\/2024\/03\/14\/criterios-para-valorar-la-calidad-de-las-tareas-de-entrenamiento\/\" rel=\"bookmark\">Criteria for evaluating the quality of training tasks.<\/a><\/h5>\t<div class=\"entry-meta entry-meta-divider-dot\">\n\t<span class=\"posted-by\"><span class=\"author vcard\"><span class=\"fn n\">Jose Antonio S\u00e1nchez<\/span><\/span><\/span>\t\t\t<span class=\"posted-on\">\n\t\t\t\t<time class=\"entry-date published\" datetime=\"2024-03-14T11:18:51+01:00\">14\/03\/2024<\/time><time class=\"updated\" datetime=\"2024-06-26T23:08:16+01:00\">26\/06\/2024<\/time>\t\t\t<\/span>\n\t\t\t<div class=\"meta-comments\"><a class=\"meta-comments-link anchor-scroll\" href=\"https:\/\/basketiqapp.com\/it\/2024\/03\/14\/criterios-para-valorar-la-calidad-de-las-tareas-de-entrenamiento\/#comments\">0 Commenti<\/a><\/div>\t<\/div><!-- .entry-meta -->\n\t<\/header><!-- .entry-header -->\n\t<div class=\"entry-summary\">\n\t\t<p>&nbsp; &#8220;Learning results from what the learner does and thinks and only from what the learner does and thinks. The teacher can only promote learning by influencing what the learner does and thinks.&#8221; Herbert A. Simon (1916-2001), researcher in politics and cognitive sciences. Among the direct responsibilities of the coach, [&hellip;]<\/p>\n\t<\/div><!-- .entry-summary -->\n\t<footer class=\"entry-footer\">\n\t\t\t<div class=\"entry-actions\">\n\t\t\t<p class=\"more-link-wrap\">\n\t\t\t\t<a href=\"https:\/\/basketiqapp.com\/it\/2024\/03\/14\/criterios-para-valorar-la-calidad-de-las-tareas-de-entrenamiento\/\" class=\"post-more-link\">\n\t\t\t\t\tREAD MORE<span class=\"screen-reader-text\"> Criteria for evaluating the quality of training tasks.<\/span><span class=\"kadence-svg-iconset svg-baseline\"><svg aria-hidden=\"true\" class=\"kadence-svg-icon kadence-arrow-right-alt-svg\" fill=\"currentColor\" version=\"1.1\" xmlns=\"http:\/\/www.w3.org\/2000\/svg\" width=\"27\" height=\"28\" viewBox=\"0 0 27 28\"><title>Continua<\/title><path d=\"M27 13.953c0 0.141-0.063 0.281-0.156 0.375l-6 5.531c-0.156 0.141-0.359 0.172-0.547 0.094-0.172-0.078-0.297-0.25-0.297-0.453v-3.5h-19.5c-0.281 0-0.5-0.219-0.5-0.5v-3c0-0.281 0.219-0.5 0.5-0.5h19.5v-3.5c0-0.203 0.109-0.375 0.297-0.453s0.391-0.047 0.547 0.078l6 5.469c0.094 0.094 0.156 0.219 0.156 0.359v0z\"><\/path>\n\t\t\t<\/svg><\/span>\t\t\t\t<\/a>\n\t\t\t<\/p>\n\t\t<\/div><!-- .entry-actions -->\n\t\t<\/footer><!-- .entry-footer -->\t\t<\/div>\n\t<\/article>\n<\/li>\n<\/ul><\/div>\n<\/div>\n\n\n<div class=\"brz-root__container\">&nbsp;<\/div>","protected":false},"excerpt":{"rendered":"<p>Diversi aspetti del calcio visti dal nostro punto di vista. &nbsp;<\/p>","protected":false},"author":1,"featured_media":0,"parent":0,"menu_order":0,"comment_status":"closed","ping_status":"closed","template":"brizy-blank-template.php","meta":{"_monsterinsights_skip_tracking":false,"_monsterinsights_sitenote_active":false,"_monsterinsights_sitenote_note":"","_monsterinsights_sitenote_category":0,"ngg_post_thumbnail":0,"footnotes":""},"class_list":["post-625","page","type-page","status-publish","hentry"],"yoast_head":"<!-- This site is optimized with the Yoast SEO plugin v27.3 - https:\/\/yoast.com\/product\/yoast-seo-wordpress\/ -->\n<title>Blog - BasketIQ APP<\/title>\n<meta name=\"description\" content=\"Diferentes aspectos de baloncesto vistos desde nuestro punto de vista.\" \/>\n<meta name=\"robots\" content=\"index, follow, max-snippet:-1, max-image-preview:large, max-video-preview:-1\" \/>\n<link rel=\"canonical\" href=\"https:\/\/basketiqapp.com\/it\/blog\/\" \/>\n<meta property=\"og:locale\" content=\"it_IT\" \/>\n<meta property=\"og:type\" content=\"article\" \/>\n<meta property=\"og:title\" content=\"Blog - BasketIQ APP\" \/>\n<meta property=\"og:description\" content=\"Diferentes aspectos de baloncesto vistos desde nuestro punto de vista.\" \/>\n<meta property=\"og:url\" content=\"https:\/\/basketiqapp.com\/it\/blog\/\" \/>\n<meta property=\"og:site_name\" content=\"BasketIQ APP\" \/>\n<meta property=\"article:publisher\" content=\"https:\/\/www.facebook.com\/BasketIQApp\" \/>\n<meta property=\"article:modified_time\" content=\"2024-05-22T09:37:23+00:00\" \/>\n<meta name=\"twitter:card\" content=\"summary_large_image\" \/>\n<meta name=\"twitter:site\" content=\"@BasketIQ_App\" \/>\n<meta name=\"twitter:label1\" content=\"Tempo di lettura stimato\" \/>\n\t<meta name=\"twitter:data1\" content=\"1 minuto\" \/>\n<script type=\"application\/ld+json\" class=\"yoast-schema-graph\">{\"@context\":\"https:\\\/\\\/schema.org\",\"@graph\":[{\"@type\":[\"Article\",\"BlogPosting\"],\"@id\":\"https:\\\/\\\/basketiqapp.com\\\/blog\\\/#article\",\"isPartOf\":{\"@id\":\"https:\\\/\\\/basketiqapp.com\\\/blog\\\/\"},\"author\":{\"name\":\"adm_BIQ\",\"@id\":\"https:\\\/\\\/basketiqapp.com\\\/#\\\/schema\\\/person\\\/5201aa716cb823b4c74cff4a77997449\"},\"headline\":\"Blog\",\"datePublished\":\"2024-05-13T14:11:26+00:00\",\"dateModified\":\"2024-05-22T09:37:23+00:00\",\"mainEntityOfPage\":{\"@id\":\"https:\\\/\\\/basketiqapp.com\\\/blog\\\/\"},\"wordCount\":12,\"publisher\":{\"@id\":\"https:\\\/\\\/basketiqapp.com\\\/#organization\"},\"inLanguage\":\"it-IT\"},{\"@type\":\"WebPage\",\"@id\":\"https:\\\/\\\/basketiqapp.com\\\/blog\\\/\",\"url\":\"https:\\\/\\\/basketiqapp.com\\\/blog\\\/\",\"name\":\"Blog - BasketIQ APP\",\"isPartOf\":{\"@id\":\"https:\\\/\\\/basketiqapp.com\\\/#website\"},\"datePublished\":\"2024-05-13T14:11:26+00:00\",\"dateModified\":\"2024-05-22T09:37:23+00:00\",\"description\":\"Diferentes aspectos de baloncesto vistos desde nuestro punto de vista.\",\"breadcrumb\":{\"@id\":\"https:\\\/\\\/basketiqapp.com\\\/blog\\\/#breadcrumb\"},\"inLanguage\":\"it-IT\",\"potentialAction\":[{\"@type\":\"ReadAction\",\"target\":[\"https:\\\/\\\/basketiqapp.com\\\/blog\\\/\"]}]},{\"@type\":\"BreadcrumbList\",\"@id\":\"https:\\\/\\\/basketiqapp.com\\\/blog\\\/#breadcrumb\",\"itemListElement\":[{\"@type\":\"ListItem\",\"position\":1,\"name\":\"Portada\",\"item\":\"https:\\\/\\\/basketiqapp.com\\\/\"},{\"@type\":\"ListItem\",\"position\":2,\"name\":\"Blog\"}]},{\"@type\":\"WebSite\",\"@id\":\"https:\\\/\\\/basketiqapp.com\\\/#website\",\"url\":\"https:\\\/\\\/basketiqapp.com\\\/\",\"name\":\"BasketIQ APP\",\"description\":\"Inteligent basketball\",\"publisher\":{\"@id\":\"https:\\\/\\\/basketiqapp.com\\\/#organization\"},\"potentialAction\":[{\"@type\":\"SearchAction\",\"target\":{\"@type\":\"EntryPoint\",\"urlTemplate\":\"https:\\\/\\\/basketiqapp.com\\\/?s={search_term_string}\"},\"query-input\":{\"@type\":\"PropertyValueSpecification\",\"valueRequired\":true,\"valueName\":\"search_term_string\"}}],\"inLanguage\":\"it-IT\"},{\"@type\":\"Organization\",\"@id\":\"https:\\\/\\\/basketiqapp.com\\\/#organization\",\"name\":\"BasketIQ APP\",\"url\":\"https:\\\/\\\/basketiqapp.com\\\/\",\"logo\":{\"@type\":\"ImageObject\",\"inLanguage\":\"it-IT\",\"@id\":\"https:\\\/\\\/basketiqapp.com\\\/#\\\/schema\\\/logo\\\/image\\\/\",\"url\":\"https:\\\/\\\/basketiqapp.com\\\/wp-content\\\/uploads\\\/2021\\\/02\\\/BasketIQ.png\",\"contentUrl\":\"https:\\\/\\\/basketiqapp.com\\\/wp-content\\\/uploads\\\/2021\\\/02\\\/BasketIQ.png\",\"width\":2500,\"height\":2664,\"caption\":\"BasketIQ APP\"},\"image\":{\"@id\":\"https:\\\/\\\/basketiqapp.com\\\/#\\\/schema\\\/logo\\\/image\\\/\"},\"sameAs\":[\"https:\\\/\\\/www.facebook.com\\\/BasketIQApp\",\"https:\\\/\\\/x.com\\\/BasketIQ_App\"]},{\"@type\":\"Person\",\"@id\":\"https:\\\/\\\/basketiqapp.com\\\/#\\\/schema\\\/person\\\/5201aa716cb823b4c74cff4a77997449\",\"name\":\"adm_BIQ\",\"image\":{\"@type\":\"ImageObject\",\"inLanguage\":\"it-IT\",\"@id\":\"https:\\\/\\\/secure.gravatar.com\\\/avatar\\\/3fc06c76f3f93f2d7b3b546eafd522f19b086138042b9f90d40c06f93dca2db5?s=96&d=mm&r=g\",\"url\":\"https:\\\/\\\/secure.gravatar.com\\\/avatar\\\/3fc06c76f3f93f2d7b3b546eafd522f19b086138042b9f90d40c06f93dca2db5?s=96&d=mm&r=g\",\"contentUrl\":\"https:\\\/\\\/secure.gravatar.com\\\/avatar\\\/3fc06c76f3f93f2d7b3b546eafd522f19b086138042b9f90d40c06f93dca2db5?s=96&d=mm&r=g\",\"caption\":\"adm_BIQ\"},\"sameAs\":[\"https:\\\/\\\/basketiqapp.com\"],\"url\":\"https:\\\/\\\/basketiqapp.com\\\/it\\\/author\\\/adm_biq\"}]}<\/script>\n<!-- \/ Yoast SEO plugin. -->","yoast_head_json":{"title":"Blog - APP BasketIQ","description":"Diversi aspetti del calcio visti dal nostro punto di vista.","robots":{"index":"index","follow":"follow","max-snippet":"max-snippet:-1","max-image-preview":"max-image-preview:large","max-video-preview":"max-video-preview:-1"},"canonical":"https:\/\/basketiqapp.com\/it\/blog\/","og_locale":"it_IT","og_type":"article","og_title":"Blog - BasketIQ APP","og_description":"Diferentes aspectos de baloncesto vistos desde nuestro punto de vista.","og_url":"https:\/\/basketiqapp.com\/it\/blog\/","og_site_name":"BasketIQ APP","article_publisher":"https:\/\/www.facebook.com\/BasketIQApp","article_modified_time":"2024-05-22T09:37:23+00:00","twitter_card":"summary_large_image","twitter_site":"@BasketIQ_App","twitter_misc":{"Tempo di lettura stimato":"1 minuto"},"schema":{"@context":"https:\/\/schema.org","@graph":[{"@type":["Article","BlogPosting"],"@id":"https:\/\/basketiqapp.com\/blog\/#article","isPartOf":{"@id":"https:\/\/basketiqapp.com\/blog\/"},"author":{"name":"adm_BIQ","@id":"https:\/\/basketiqapp.com\/#\/schema\/person\/5201aa716cb823b4c74cff4a77997449"},"headline":"Blog","datePublished":"2024-05-13T14:11:26+00:00","dateModified":"2024-05-22T09:37:23+00:00","mainEntityOfPage":{"@id":"https:\/\/basketiqapp.com\/blog\/"},"wordCount":12,"publisher":{"@id":"https:\/\/basketiqapp.com\/#organization"},"inLanguage":"it-IT"},{"@type":"WebPage","@id":"https:\/\/basketiqapp.com\/blog\/","url":"https:\/\/basketiqapp.com\/blog\/","name":"Blog - APP BasketIQ","isPartOf":{"@id":"https:\/\/basketiqapp.com\/#website"},"datePublished":"2024-05-13T14:11:26+00:00","dateModified":"2024-05-22T09:37:23+00:00","description":"Diversi aspetti del calcio visti dal nostro punto di vista.","breadcrumb":{"@id":"https:\/\/basketiqapp.com\/blog\/#breadcrumb"},"inLanguage":"it-IT","potentialAction":[{"@type":"ReadAction","target":["https:\/\/basketiqapp.com\/blog\/"]}]},{"@type":"BreadcrumbList","@id":"https:\/\/basketiqapp.com\/blog\/#breadcrumb","itemListElement":[{"@type":"ListItem","position":1,"name":"Portada","item":"https:\/\/basketiqapp.com\/"},{"@type":"ListItem","position":2,"name":"Blog"}]},{"@type":"WebSite","@id":"https:\/\/basketiqapp.com\/#website","url":"https:\/\/basketiqapp.com\/","name":"APP BasketIQ","description":"Pallacanestro intelligente","publisher":{"@id":"https:\/\/basketiqapp.com\/#organization"},"potentialAction":[{"@type":"SearchAction","target":{"@type":"EntryPoint","urlTemplate":"https:\/\/basketiqapp.com\/?s={search_term_string}"},"query-input":{"@type":"PropertyValueSpecification","valueRequired":true,"valueName":"search_term_string"}}],"inLanguage":"it-IT"},{"@type":"Organization","@id":"https:\/\/basketiqapp.com\/#organization","name":"APP BasketIQ","url":"https:\/\/basketiqapp.com\/","logo":{"@type":"ImageObject","inLanguage":"it-IT","@id":"https:\/\/basketiqapp.com\/#\/schema\/logo\/image\/","url":"https:\/\/basketiqapp.com\/wp-content\/uploads\/2021\/02\/BasketIQ.png","contentUrl":"https:\/\/basketiqapp.com\/wp-content\/uploads\/2021\/02\/BasketIQ.png","width":2500,"height":2664,"caption":"BasketIQ APP"},"image":{"@id":"https:\/\/basketiqapp.com\/#\/schema\/logo\/image\/"},"sameAs":["https:\/\/www.facebook.com\/BasketIQApp","https:\/\/x.com\/BasketIQ_App"]},{"@type":"Person","@id":"https:\/\/basketiqapp.com\/#\/schema\/person\/5201aa716cb823b4c74cff4a77997449","name":"adm_BIQ","image":{"@type":"ImageObject","inLanguage":"it-IT","@id":"https:\/\/secure.gravatar.com\/avatar\/3fc06c76f3f93f2d7b3b546eafd522f19b086138042b9f90d40c06f93dca2db5?s=96&d=mm&r=g","url":"https:\/\/secure.gravatar.com\/avatar\/3fc06c76f3f93f2d7b3b546eafd522f19b086138042b9f90d40c06f93dca2db5?s=96&d=mm&r=g","contentUrl":"https:\/\/secure.gravatar.com\/avatar\/3fc06c76f3f93f2d7b3b546eafd522f19b086138042b9f90d40c06f93dca2db5?s=96&d=mm&r=g","caption":"adm_BIQ"},"sameAs":["https:\/\/basketiqapp.com"],"url":"https:\/\/basketiqapp.com\/it\/author\/adm_biq"}]}},"_links":{"self":[{"href":"https:\/\/basketiqapp.com\/it\/wp-json\/wp\/v2\/pages\/625","targetHints":{"allow":["GET"]}}],"collection":[{"href":"https:\/\/basketiqapp.com\/it\/wp-json\/wp\/v2\/pages"}],"about":[{"href":"https:\/\/basketiqapp.com\/it\/wp-json\/wp\/v2\/types\/page"}],"author":[{"embeddable":true,"href":"https:\/\/basketiqapp.com\/it\/wp-json\/wp\/v2\/users\/1"}],"replies":[{"embeddable":true,"href":"https:\/\/basketiqapp.com\/it\/wp-json\/wp\/v2\/comments?post=625"}],"version-history":[{"count":151,"href":"https:\/\/basketiqapp.com\/it\/wp-json\/wp\/v2\/pages\/625\/revisions"}],"predecessor-version":[{"id":2034,"href":"https:\/\/basketiqapp.com\/it\/wp-json\/wp\/v2\/pages\/625\/revisions\/2034"}],"wp:attachment":[{"href":"https:\/\/basketiqapp.com\/it\/wp-json\/wp\/v2\/media?parent=625"}],"curies":[{"name":"wp","href":"https:\/\/api.w.org\/{rel}","templated":true}]}}