{"id":1383,"date":"2023-02-26T13:54:30","date_gmt":"2023-02-26T12:54:30","guid":{"rendered":"https:\/\/basketiqapp.com\/?page_id=1383"},"modified":"2023-05-06T23:37:12","modified_gmt":"2023-05-06T22:37:12","slug":"legal-advice","status":"publish","type":"page","link":"https:\/\/basketiqapp.com\/it\/legal-advice\/","title":{"rendered":"Avviso legale"},"content":{"rendered":"<p><section  id=\"section-69d8e9f8a822c\"  class=\"fw-main-row\"  style=\"background-color:#0d5257;  height: 115px; line-height: 115px;\"  >\r\n    <div >\r\n        <div class=\"fw-container-fluid no-spacing\">\r\n        <\/div>\r\n    <\/div>\r\n<\/section>\r\n<section  id=\"section-69d8e9f8a82e1\"  class=\"fw-main-row   auto\"  style=\"  \"  >\r\n    <div >\r\n        <div class=\"fw-container sections\">\r\n<div class=\"fw-row\">\n\t\r\n\r\n\r\n<div id=\"column-69d8e9f8a8506\" class=\"none  fw-col-sm-12      wow\" data-wow-offset=\"120\" data-wow-duration=\"1.5s\" style=\"  \">\r\n        <div class=\"fw-main-row\"  style=\"\">\r\n        <div class=\"fw-col-inner\">\r\n            \r\n<div class=\"fw-heading section-header fw-heading-h1    wow fadeIn\" data-wow-offset=\"120\" data-wow-duration=\"1.5s\" style=\"color:\">\r\n        <div class=\"mockup-text fw-special-title-half\"><h1 class='fw-special-title'>Avviso legale <\/h1><\/div>\r\n\r\n    \r\n    \r\n\r\n<\/div><ol><li><strong>Proprietario del sito web:<\/strong><\/li><\/ol><p>Il proprietario del sito web https:\/\/basketiqapp.com\/ (di seguito, il Sito) \u00e8 la societ\u00e0 commerciale BasketIQ Deporte Inteligente, S.L., con sede legale in c\/ Creta 67 - 28, Gran Alacant, 03130, Santa Pola (Alicante), con NIF: B10825560 e regolarmente iscritta al Registro Mercantile di Alicante nel volume 4.491 , foglio 12, sezione 8, pagina A-180797. Di seguito, \"BasketIQ\".<\/p><p>BasketIQ pu\u00f2 essere contattato direttamente ed efficacemente inviando una e-mail al seguente indirizzo: contact@basketiqapp.com.<\/p><p><strong>Il sito web:<\/strong><br \/>Attraverso il Sito Web, BasketIQ vi fornisce informazioni sulla propria attivit\u00e0, nonch\u00e9 la possibilit\u00e0 di contattarvi per richiedere ulteriori informazioni e\/o contrattare i propri servizi secondo i termini e le condizioni che, in ogni caso, vi saranno resi disponibili prima della contrattazione, per la vostra lettura e accettazione in caso di conformit\u00e0.<\/p><p>Ricordiamo che i servizi offerti da BasketIQ possono essere contrattati solo da persone fisiche o giuridiche che svolgono un'attivit\u00e0 legata allo sport, con finalit\u00e0 connesse alla propria attivit\u00e0 commerciale, imprenditoriale, commerciale o professionale, secondo quanto previsto dalle Condizioni Contrattuali.<\/p><p>Allo stesso modo, attraverso il Sito, viene fornito l'accesso al \"Software BasketIQ\" che consiste in una soluzione cloud SaaS (Software as a Service) che consente all'utente che contratta il servizio e a cui vengono forniti i codici di accesso (user e password) di utilizzare il servizio che consiste nella gestione sportiva delle squadre di basket con le seguenti funzionalit\u00e0:<\/p><p>- Creazione di profili utente, con la possibilit\u00e0 di stabilire filtri per gli utenti.<\/p><p>- Registrazione e gestione dei giocatori (record individuale, status, evoluzione).<\/p><p>- Calendario: per la pianificazione della\/e squadra\/e, la disponibilit\u00e0 dei campi di gioco\/allenamento, la possibilit\u00e0 di stabilire filtri per gli utenti.<\/p><p>- Lavagna: per la creazione di esercizi di formazione e rappresentazioni teatrali.<\/p><p class=\"translation-block\"><strong>- Pianificazione della stagione: <\/strong>per la pianificazione annuale, mensile, settimanale o giornaliera delle sessioni di allenamento e delle partite.<\/p><p>- Database degli esercizi: esercizi classificati e organizzati con lavagna, descrizioni e video.<\/p><p>Al momento non \u00e8 possibile acquistare il \"BasketIQ Software\" per via elettronica. A tal fine, dovrete contattare BasketIQ.<\/p><p><strong>Utilizzo del sito web:<\/strong><br \/>Accedendo e\/o utilizzando il Sito web, l'utente si trova nella condizione di utente e si obbliga a rispettare le disposizioni del presente documento.<\/p><p><strong>3.1. Lingua:<\/strong><\/p><p>I contenuti del Sito sono disponibili in spagnolo, francese, svedese e inglese.<\/p><p>&nbsp;<\/p><p><strong>3.2. Uso corretto del Sito Web:<\/strong><\/p><p>Con l'accesso e\/o l'utilizzo del Sito Web, l'utente \u00e8 tenuto in ogni momento a fare un uso adeguato delle risorse che BasketIQ mette a sua disposizione, in conformit\u00e0 con le disposizioni del presente documento e rispettando in ogni momento la morale, l'ordine pubblico, i buoni costumi e la legge in vigore, senza causare danni ai sistemi fisici e logici di BasketIQ o di terzi.<\/p><p>L'utente utilizzer\u00e0 il Sito Web sotto la sua esclusiva responsabilit\u00e0 per gli scopi previsti da BasketIQ e attraverso le funzionalit\u00e0 messe a disposizione da BasketIQ. Qualsiasi altro utilizzo del Sito Web dar\u00e0 diritto a BasketIQ di sospendere il vostro accesso al Sito Web e\/o l'utilizzo di Oralvision.<\/p><p>L'uso di tecniche di screen scraping, web scraping o qualsiasi altra tecnica di programmazione (o di qualsiasi altro tipo) che consenta l'estrazione di informazioni o dati ospitati, memorizzati o accessibili sul Sito web \u00e8 espressamente vietato senza l'espressa autorizzazione scritta di BasketIQ.<\/p><p><strong>3.3. Partecipazione degli utenti:<\/strong><\/p><p>Nel caso in cui attraverso il Sito sia consentita la partecipazione dell'utente attraverso la pubblicazione di commenti o la generazione di contenuti, \u00e8 assolutamente vietato diffondere contenuti o propaganda di natura illecita, quali contenuti razzisti, xenofobi, di apologia del terrorismo, che violino i diritti umani, o che incitino all'odio, che violino la dignit\u00e0 della persona, o di natura calunniosa, diffamatoria o contraria all'ordine pubblico o alla sicurezza o che violino i diritti di propriet\u00e0 intellettuale o industriale.<\/p><p>BasketIQ si riserva il diritto di rimuovere tutti quei commenti e\/o contenuti che non sono conformi a quanto sopra o che non sono adatti alla pubblicazione sul sito web.<\/p><p>In ogni caso, BasketIQ non sar\u00e0 responsabile delle opinioni espresse o dei contenuti pubblicati dagli utenti attraverso i forum, le chat, i blog o altri strumenti di partecipazione che, nel suo caso, potranno essere creati, salvo quanto espressamente previsto dalla normativa vigente.<\/p><p>&nbsp;<\/p><p>Interruzioni nel funzionamento del Sito web:<br \/>BasketIQ non garantisce che non si verifichino interruzioni o errori nell'accesso al Sito web. Tuttavia, c'\u00e8 il fermo impegno, non appena BasketIQ viene a conoscenza di tali eventi, a realizzare tutte le azioni volte al suo ripristino o alla sua riparazione, salvo il concorso di cause al di fuori del controllo di BasketIQ che ne rendano impossibile o difficile l'esecuzione.<\/p><p>In caso di contratto con il Software BasketIQ, verr\u00e0 applicato il Service Level Agreement (SLA) stabilito nelle condizioni di contratto.<\/p><p>&nbsp;<\/p><p><strong>Esonero di responsabilit\u00e0:<\/strong><br \/>Salvo quanto diversamente ed espressamente imposto nelle presenti condizioni o nella normativa applicabile e, esclusivamente, nella misura e nei limiti in cui \u00e8 imposto, BasketIQ sar\u00e0 responsabile solo per i danni diretti subiti dall'utente e solo quando questi siano stati causati da una causa direttamente imputabile a BasketIQ.<\/p><p>BasketIQ non si assume alcuna responsabilit\u00e0:<\/p><p>- Per i problemi derivanti dalla mancanza di accesso o dai problemi inerenti alla connettivit\u00e0 a Internet o alle reti elettriche quando questi hanno avuto origine da cause al di fuori del suo controllo o da cause che non potevano essere previste dalle parti o che, anche se prevedibili, BasketIQ ha fatto ogni ragionevole sforzo per evitarle o che sono state considerate come cause fortuite o di forza maggiore.<\/p><p>- Per i danni di qualsiasi natura che possono essere causati ai sistemi fisici e logici dell'utente o ai file o ai documenti in essi memorizzati, come conseguenza della presenza di virus nel dispositivo dell'utente o di un malfunzionamento o dell'uso di una versione non aggiornata del browser dell'utente.<\/p><p>- A causa della mancanza di veridicit\u00e0, accuratezza e\/o validit\u00e0 dei dati forniti dall'utente. BasketIQ non ha alcun obbligo di controllo su tali dati e\/o informazioni.<\/p><p>- Per azioni o omissioni direttamente attribuibili all'utente o a terzi direttamente dipendenti dall'utente.<\/p><p>- Per il fatto che il servizio non soddisfa le aspettative dell'utente o non si adatta alle sue esigenze, per i guadagni o le perdite patrimoniali nell'attivit\u00e0 dell'utente, in quanto spetta all'utente valutare se \u00e8 utile per i suoi scopi prima del suo utilizzo.<\/p><p>- Per il mancato rispetto degli obblighi a carico dell'utente.<\/p><p>Propriet\u00e0 intellettuale e industriale:<br \/>La totalit\u00e0 degli elementi e\/o dei contenuti pubblicati sul sito web sono stati creati da BasketIQ o dispone di una licenza o di un'autorizzazione per il loro utilizzo.<\/p><p>Pertanto, tutti questi elementi e\/o contenuti (quali: immagini, audio, video, software o testi; marchi o loghi, combinazioni di colori, struttura e design, applicazioni necessarie per il funzionamento, l'accesso e l'utilizzo, ecc.) e i diritti di sfruttamento su di essi, sono di propriet\u00e0 esclusiva di BasketIQ.<\/p><p>\u00c8 assolutamente vietata la riproduzione, la distribuzione, la comunicazione pubblica - comprese le modalit\u00e0 di messa a disposizione - e la trasformazione, totale o parziale, dei contenuti del sito web, su qualsiasi supporto e con qualsiasi mezzo tecnico, senza la previa autorizzazione espressa e scritta di BasketIQ.<\/p><p>In caso di esecuzione di una qualsiasi delle suddette azioni vietate, verranno violati i diritti esclusivi di propriet\u00e0 intellettuale o industriale che corrispondono a BasketIQ. Pertanto, l'utente \u00e8 tenuto a rispettare tali diritti, astenendosi dal sopprimere, alterare, eludere o manipolare qualsiasi dispositivo di protezione o sistema di sicurezza installato nelle pagine di propriet\u00e0 di BasketIQ.<\/p><p>BasketIQ offre la possibilit\u00e0 di denunciare qualsiasi tipo di violazione dei diritti da parte di qualsiasi utente o terzo per qualsiasi causa, comunicando tale circostanza inviando un'e-mail all'indirizzo sopra indicato.<\/p><p>&nbsp;<\/p><p><strong>Politica dei collegamenti:<\/strong><br \/><strong>7.1. Collegamenti da altri siti web:<\/strong><\/p><p>Se si intende stabilire un link da una pagina web di un altro portale Internet a una qualsiasi pagina web di BasketIQ, \u00e8 necessario rispettare le seguenti condizioni:<\/p><p>- Non \u00e8 consentita la riproduzione totale o parziale di alcuno dei servizi o dei contenuti del sito web, n\u00e9 la creazione di deep-link, n\u00e9 di link IMG o di immagini, n\u00e9 di frame con il sito web senza previa autorizzazione espressa e scritta.<\/p><p>- Non sar\u00e0 fatta alcuna dichiarazione falsa, imprecisa o errata sul sito web, n\u00e9 sui servizi o sui contenuti del sito web. Fatta eccezione per i segni che fanno parte del link, la pagina web in cui viene stabilito il link non deve contenere alcun marchio, nome commerciale, segno di stabilimento, denominazione, logo, slogan o altri segni distintivi appartenenti a BasketIQ, a meno che non siano espressamente autorizzati da BasketIQ.<\/p><p>- La creazione del link non implica l'esistenza di alcun rapporto tra BasketIQ e il proprietario della pagina web o del portale da cui viene effettuato, n\u00e9 la conoscenza e l'accettazione da parte di BasketIQ dei servizi e dei contenuti offerti in tale pagina web o portale.<\/p><p>- BasketIQ non sar\u00e0 responsabile dei contenuti o dei servizi messi a disposizione del pubblico nella pagina web o nel portale da cui viene effettuato il collegamento ipertestuale, n\u00e9 delle informazioni e delle dichiarazioni ivi contenute.<\/p><p><strong>7.2. Link ad altri siti web:<\/strong><\/p><p>Il Sito Web pu\u00f2 mettere a disposizione dell'utente link ad altri siti web gestiti e controllati da terzi, con l'esclusiva funzione di facilitare agli utenti la ricerca di informazioni, contenuti e servizi in Internet, senza che in nessun caso si possa ritenere che BasketIQ commercializzi, diriga, controlli o faccia propri i contenuti, i servizi, le informazioni e le dichiarazioni disponibili in tali siti web.<\/p><p>BasketIQ non si assume alcun tipo di responsabilit\u00e0, anche indiretta o sussidiaria, per i contenuti, le informazioni, le comunicazioni, le opinioni o i servizi collegati da quei siti web non gestiti da BasketIQ e accessibili attraverso la Rete, n\u00e9 garantisce l'assenza di virus o di altri elementi in essi presenti che possano produrre alterazioni nel sistema informatico (hardware e software), nei documenti o nei file dell'utente, escludendo qualsiasi responsabilit\u00e0 per i danni di qualsiasi tipo causati all'utente per questo motivo.<\/p><p>&nbsp;<\/p><p><strong>Non conformit\u00e0. Diritto di esclusione:<\/strong><br \/>Qualsiasi violazione dei termini di utilizzo indicati nel presente Avviso Legale sar\u00e0 perseguibile penalmente, cos\u00ec come qualsiasi uso improprio del Web, e BasketIQ potr\u00e0 esercitare tutte le azioni legali che le competono in difesa dei suoi legittimi interessi.<\/p><p>BasketIQ si riserva il diritto di negare o ritirare l'accesso al Sito Web, senza preavviso, su richiesta propria o di terzi, a quegli utenti che non rispettano i termini e le condizioni d'uso, e senza pregiudizio alcuno di portare all'attenzione delle autorit\u00e0 competenti qualsiasi comportamento illecito dell'utente.<\/p><p>&nbsp;<\/p><p><strong>Protezione dei dati personali:<\/strong><br \/>Noi di BasketIQ ci impegniamo a rispettare la normativa spagnola in materia di protezione dei dati personali e garantiamo il pieno rispetto degli obblighi previsti, nonch\u00e9 l'attuazione delle misure di sicurezza previste dal Regolamento (UE) 2016\/679 del Parlamento e del Consiglio del 27 aprile 2016 e dalla Legge 41\/2002 del 14 novembre.<\/p><p>BasketIQ mette a disposizione degli utenti la propria Informativa sulla privacy in cui sono raccolte tutte le informazioni relative al trattamento dei loro dati, e tra gli altri aspetti:<\/p><p>- Dati del responsabile del trattamento dei dati.<\/p><p>- Dati elaborati.<\/p><p>- Finalit\u00e0 e base giuridica del trattamento.<\/p><p>- I diritti che spettano a tutti gli utenti e la procedura per esercitarli.<\/p><p>&nbsp;<\/p><p><strong>Modifica dei termini:<\/strong><br \/>BasketIQ pu\u00f2 modificare in qualsiasi momento i termini qui stabiliti, essendo debitamente pubblicati come appaiono qui. La validit\u00e0 delle suddette condizioni d'uso dipender\u00e0 dalla loro esposizione e sar\u00e0 in vigore finch\u00e9 non saranno modificate da altre debitamente pubblicate.<\/p><p><strong>11. Legge applicabile:<\/strong> Le presenti condizioni d'uso sono disciplinate dalla legge spagnola.<\/p>        <\/div>\r\n    <\/div>\r\n<\/div><\/div>\n\n        <\/div>\r\n    <\/div>\r\n<\/section>\r\n<\/p>","protected":false},"excerpt":{"rendered":"<p>Legal Notice Owner of the website:The owner of the website https:\/\/basketiqapp.com\/ (hereinafter, the Website) is the trading company BasketIQ Deporte Inteligente, S.L., with registered office at c\/ Creta 67 &#8211; 28, Gran Alacant, 03130, Santa Pola (Alicante), with NIF: B10825560 and duly registered in the Mercantile Register of Alicante in volume 4.491 , folio 12, [&hellip;]<\/p>\n","protected":false},"author":2,"featured_media":0,"parent":0,"menu_order":0,"comment_status":"closed","ping_status":"closed","template":"template\/template-builder.php","meta":{"_monsterinsights_skip_tracking":false,"_monsterinsights_sitenote_active":false,"_monsterinsights_sitenote_note":"","_monsterinsights_sitenote_category":0,"ngg_post_thumbnail":0,"footnotes":""},"class_list":["post-1383","page","type-page","status-publish","hentry"],"yoast_head":"<!-- This site is optimized with the Yoast SEO plugin v27.3 - https:\/\/yoast.com\/product\/yoast-seo-wordpress\/ -->\n<title>Legal Notice - BasketIQ APP<\/title>\n<meta name=\"robots\" content=\"index, follow, max-snippet:-1, max-image-preview:large, max-video-preview:-1\" \/>\n<link rel=\"canonical\" href=\"https:\/\/basketiqapp.com\/it\/legal-advice\/\" \/>\n<meta property=\"og:locale\" content=\"it_IT\" \/>\n<meta property=\"og:type\" content=\"article\" \/>\n<meta property=\"og:title\" content=\"Legal Notice - BasketIQ APP\" \/>\n<meta property=\"og:description\" content=\"Legal Notice Owner of the website:The owner of the website https:\/\/basketiqapp.com\/ (hereinafter, the Website) is the trading company BasketIQ Deporte Inteligente, S.L., with registered office at c\/ Creta 67 - 28, Gran Alacant, 03130, Santa Pola (Alicante), with NIF: B10825560 and duly registered in the Mercantile Register of Alicante in volume 4.491 , folio 12, [&hellip;]\" \/>\n<meta property=\"og:url\" content=\"https:\/\/basketiqapp.com\/it\/legal-advice\/\" \/>\n<meta property=\"og:site_name\" content=\"BasketIQ APP\" \/>\n<meta property=\"article:publisher\" content=\"https:\/\/www.facebook.com\/BasketIQApp\" \/>\n<meta property=\"article:modified_time\" content=\"2023-05-06T22:37:12+00:00\" \/>\n<meta name=\"twitter:card\" content=\"summary_large_image\" \/>\n<meta name=\"twitter:site\" content=\"@BasketIQ_App\" \/>\n<meta name=\"twitter:label1\" content=\"Tempo di lettura stimato\" \/>\n\t<meta name=\"twitter:data1\" content=\"10 minuti\" \/>\n<script type=\"application\/ld+json\" class=\"yoast-schema-graph\">{\"@context\":\"https:\\\/\\\/schema.org\",\"@graph\":[{\"@type\":\"WebPage\",\"@id\":\"https:\\\/\\\/basketiqapp.com\\\/es\\\/legal-advice\\\/\",\"url\":\"https:\\\/\\\/basketiqapp.com\\\/es\\\/legal-advice\\\/\",\"name\":\"Legal Notice - BasketIQ APP\",\"isPartOf\":{\"@id\":\"https:\\\/\\\/basketiqapp.com\\\/#website\"},\"datePublished\":\"2023-02-26T12:54:30+00:00\",\"dateModified\":\"2023-05-06T22:37:12+00:00\",\"breadcrumb\":{\"@id\":\"https:\\\/\\\/basketiqapp.com\\\/es\\\/legal-advice\\\/#breadcrumb\"},\"inLanguage\":\"it-IT\",\"potentialAction\":[{\"@type\":\"ReadAction\",\"target\":[\"https:\\\/\\\/basketiqapp.com\\\/es\\\/legal-advice\\\/\"]}]},{\"@type\":\"BreadcrumbList\",\"@id\":\"https:\\\/\\\/basketiqapp.com\\\/es\\\/legal-advice\\\/#breadcrumb\",\"itemListElement\":[{\"@type\":\"ListItem\",\"position\":1,\"name\":\"Portada\",\"item\":\"https:\\\/\\\/basketiqapp.com\\\/\"},{\"@type\":\"ListItem\",\"position\":2,\"name\":\"Legal Notice\"}]},{\"@type\":\"WebSite\",\"@id\":\"https:\\\/\\\/basketiqapp.com\\\/#website\",\"url\":\"https:\\\/\\\/basketiqapp.com\\\/\",\"name\":\"BasketIQ APP\",\"description\":\"Inteligent basketball\",\"publisher\":{\"@id\":\"https:\\\/\\\/basketiqapp.com\\\/#organization\"},\"potentialAction\":[{\"@type\":\"SearchAction\",\"target\":{\"@type\":\"EntryPoint\",\"urlTemplate\":\"https:\\\/\\\/basketiqapp.com\\\/?s={search_term_string}\"},\"query-input\":{\"@type\":\"PropertyValueSpecification\",\"valueRequired\":true,\"valueName\":\"search_term_string\"}}],\"inLanguage\":\"it-IT\"},{\"@type\":\"Organization\",\"@id\":\"https:\\\/\\\/basketiqapp.com\\\/#organization\",\"name\":\"BasketIQ APP\",\"url\":\"https:\\\/\\\/basketiqapp.com\\\/\",\"logo\":{\"@type\":\"ImageObject\",\"inLanguage\":\"it-IT\",\"@id\":\"https:\\\/\\\/basketiqapp.com\\\/#\\\/schema\\\/logo\\\/image\\\/\",\"url\":\"https:\\\/\\\/basketiqapp.com\\\/wp-content\\\/uploads\\\/2021\\\/02\\\/BasketIQ.png\",\"contentUrl\":\"https:\\\/\\\/basketiqapp.com\\\/wp-content\\\/uploads\\\/2021\\\/02\\\/BasketIQ.png\",\"width\":2500,\"height\":2664,\"caption\":\"BasketIQ APP\"},\"image\":{\"@id\":\"https:\\\/\\\/basketiqapp.com\\\/#\\\/schema\\\/logo\\\/image\\\/\"},\"sameAs\":[\"https:\\\/\\\/www.facebook.com\\\/BasketIQApp\",\"https:\\\/\\\/x.com\\\/BasketIQ_App\"]}]}<\/script>\n<!-- \/ Yoast SEO plugin. -->","yoast_head_json":{"title":"Avviso legale - BasketIQ APP","robots":{"index":"index","follow":"follow","max-snippet":"max-snippet:-1","max-image-preview":"max-image-preview:large","max-video-preview":"max-video-preview:-1"},"canonical":"https:\/\/basketiqapp.com\/it\/legal-advice\/","og_locale":"it_IT","og_type":"article","og_title":"Legal Notice - BasketIQ APP","og_description":"Legal Notice Owner of the website:The owner of the website https:\/\/basketiqapp.com\/ (hereinafter, the Website) is the trading company BasketIQ Deporte Inteligente, S.L., with registered office at c\/ Creta 67 - 28, Gran Alacant, 03130, Santa Pola (Alicante), with NIF: B10825560 and duly registered in the Mercantile Register of Alicante in volume 4.491 , folio 12, [&hellip;]","og_url":"https:\/\/basketiqapp.com\/it\/legal-advice\/","og_site_name":"BasketIQ APP","article_publisher":"https:\/\/www.facebook.com\/BasketIQApp","article_modified_time":"2023-05-06T22:37:12+00:00","twitter_card":"summary_large_image","twitter_site":"@BasketIQ_App","twitter_misc":{"Tempo di lettura stimato":"10 minuti"},"schema":{"@context":"https:\/\/schema.org","@graph":[{"@type":"WebPage","@id":"https:\/\/basketiqapp.com\/es\/legal-advice\/","url":"https:\/\/basketiqapp.com\/es\/legal-advice\/","name":"Avviso legale - BasketIQ APP","isPartOf":{"@id":"https:\/\/basketiqapp.com\/#website"},"datePublished":"2023-02-26T12:54:30+00:00","dateModified":"2023-05-06T22:37:12+00:00","breadcrumb":{"@id":"https:\/\/basketiqapp.com\/es\/legal-advice\/#breadcrumb"},"inLanguage":"it-IT","potentialAction":[{"@type":"ReadAction","target":["https:\/\/basketiqapp.com\/es\/legal-advice\/"]}]},{"@type":"BreadcrumbList","@id":"https:\/\/basketiqapp.com\/es\/legal-advice\/#breadcrumb","itemListElement":[{"@type":"ListItem","position":1,"name":"Portada","item":"https:\/\/basketiqapp.com\/"},{"@type":"ListItem","position":2,"name":"Legal Notice"}]},{"@type":"WebSite","@id":"https:\/\/basketiqapp.com\/#website","url":"https:\/\/basketiqapp.com\/","name":"APP BasketIQ","description":"Pallacanestro intelligente","publisher":{"@id":"https:\/\/basketiqapp.com\/#organization"},"potentialAction":[{"@type":"SearchAction","target":{"@type":"EntryPoint","urlTemplate":"https:\/\/basketiqapp.com\/?s={search_term_string}"},"query-input":{"@type":"PropertyValueSpecification","valueRequired":true,"valueName":"search_term_string"}}],"inLanguage":"it-IT"},{"@type":"Organization","@id":"https:\/\/basketiqapp.com\/#organization","name":"APP BasketIQ","url":"https:\/\/basketiqapp.com\/","logo":{"@type":"ImageObject","inLanguage":"it-IT","@id":"https:\/\/basketiqapp.com\/#\/schema\/logo\/image\/","url":"https:\/\/basketiqapp.com\/wp-content\/uploads\/2021\/02\/BasketIQ.png","contentUrl":"https:\/\/basketiqapp.com\/wp-content\/uploads\/2021\/02\/BasketIQ.png","width":2500,"height":2664,"caption":"BasketIQ APP"},"image":{"@id":"https:\/\/basketiqapp.com\/#\/schema\/logo\/image\/"},"sameAs":["https:\/\/www.facebook.com\/BasketIQApp","https:\/\/x.com\/BasketIQ_App"]}]}},"_links":{"self":[{"href":"https:\/\/basketiqapp.com\/it\/wp-json\/wp\/v2\/pages\/1383","targetHints":{"allow":["GET"]}}],"collection":[{"href":"https:\/\/basketiqapp.com\/it\/wp-json\/wp\/v2\/pages"}],"about":[{"href":"https:\/\/basketiqapp.com\/it\/wp-json\/wp\/v2\/types\/page"}],"author":[{"embeddable":true,"href":"https:\/\/basketiqapp.com\/it\/wp-json\/wp\/v2\/users\/2"}],"replies":[{"embeddable":true,"href":"https:\/\/basketiqapp.com\/it\/wp-json\/wp\/v2\/comments?post=1383"}],"version-history":[{"count":7,"href":"https:\/\/basketiqapp.com\/it\/wp-json\/wp\/v2\/pages\/1383\/revisions"}],"predecessor-version":[{"id":1511,"href":"https:\/\/basketiqapp.com\/it\/wp-json\/wp\/v2\/pages\/1383\/revisions\/1511"}],"wp:attachment":[{"href":"https:\/\/basketiqapp.com\/it\/wp-json\/wp\/v2\/media?parent=1383"}],"curies":[{"name":"wp","href":"https:\/\/api.w.org\/{rel}","templated":true}]}}