{"id":1383,"date":"2023-02-26T13:54:30","date_gmt":"2023-02-26T12:54:30","guid":{"rendered":"https:\/\/basketiqapp.com\/?page_id=1383"},"modified":"2023-05-06T23:37:12","modified_gmt":"2023-05-06T22:37:12","slug":"legal-advice","status":"publish","type":"page","link":"https:\/\/basketiqapp.com\/fr\/legal-advice\/","title":{"rendered":"Avis juridique"},"content":{"rendered":"<p><section  id=\"section-69d8ff4d79756\"  class=\"fw-main-row\"  style=\"background-color:#0d5257;  height: 115px; line-height: 115px;\"  >\r\n    <div >\r\n        <div class=\"fw-container-fluid no-spacing\">\r\n        <\/div>\r\n    <\/div>\r\n<\/section>\r\n<section  id=\"section-69d8ff4d797c3\"  class=\"fw-main-row   auto\"  style=\"  \"  >\r\n    <div >\r\n        <div class=\"fw-container sections\">\r\n<div class=\"fw-row\">\n\t\r\n\r\n\r\n<div id=\"column-69d8ff4d7997c\" class=\"none  fw-col-sm-12      wow\" data-wow-offset=\"120\" data-wow-duration=\"1.5s\" style=\"  \">\r\n        <div class=\"fw-main-row\"  style=\"\">\r\n        <div class=\"fw-col-inner\">\r\n            \r\n<div class=\"fw-heading section-header fw-heading-h1    wow fadeIn\" data-wow-offset=\"120\" data-wow-duration=\"1.5s\" style=\"color:\">\r\n        <div class=\"mockup-text fw-special-title-half\"><h1 class='fw-special-title'>Avis juridique <\/h1><\/div>\r\n\r\n    \r\n    \r\n\r\n<\/div><ol><li><strong>Propri\u00e9taire du site :<\/strong><\/li><\/ol><p>Le propri\u00e9taire du site web https:\/\/basketiqapp.com\/ (ci-apr\u00e8s, le site web) est la soci\u00e9t\u00e9 commerciale BasketIQ Deporte Inteligente, S.L., dont le si\u00e8ge social est situ\u00e9 c\/ Creta 67 - 28, Gran Alacant, 03130, Santa Pola (Alicante), avec NIF : B10825560 et d\u00fbment inscrite au registre du commerce d'Alicante au volume 4.491, folio 12, section 8, page A-180797. Ci-apr\u00e8s, \"BasketIQ\".<\/p><p>BasketIQ peut \u00eatre contact\u00e9 directement et efficacement en envoyant un e-mail \u00e0 l'adresse suivante : contact@basketiqapp.com.<\/p><p><strong>Le site web :<\/strong><br \/>A travers le site web, BasketIQ vous fournit des informations sur son activit\u00e9, ainsi que la possibilit\u00e9 de vous contacter pour demander des informations suppl\u00e9mentaires et\/ou contracter ses services conform\u00e9ment aux termes et conditions qui, dans tous les cas, seront mis \u00e0 votre disposition avant de les contracter, pour que vous les lisiez et les acceptiez en cas de conformit\u00e9.<\/p><p>Nous vous rappelons que les services offerts par BasketIQ ne peuvent \u00eatre contract\u00e9s que par des personnes physiques ou morales qui exercent une activit\u00e9 li\u00e9e au sport, \u00e0 des fins li\u00e9es \u00e0 leur activit\u00e9 commerciale, \u00e0 leur entreprise, \u00e0 leur commerce ou \u00e0 leur profession, conform\u00e9ment aux dispositions des conditions contractuelles.<\/p><p>De m\u00eame, \u00e0 travers le site web, l'acc\u00e8s est fourni au \"Logiciel BasketIQ\" qui consiste en une solution SaaS (Software as a Service) en nuage qui permet \u00e0 l'utilisateur qui contracte le service et qui re\u00e7oit des codes d'acc\u00e8s (utilisateur et mot de passe) d'utiliser le service de gestion sportive des \u00e9quipes de basket-ball avec les fonctionnalit\u00e9s suivantes :<\/p><p>- Cr\u00e9ation de profils d'utilisateurs, possibilit\u00e9 d'\u00e9tablir des filtres par utilisateurs.<\/p><p>- Enregistrement et gestion des joueurs (fiche individuelle, statut, \u00e9volution).<\/p><p>- Calendrier : pour la planification de l'\u00e9quipe\/des \u00e9quipes, la disponibilit\u00e9 des terrains de jeu\/d'entra\u00eenement, la possibilit\u00e9 d'\u00e9tablir des filtres pour les utilisateurs.<\/p><p>- Tableau blanc : pour la cr\u00e9ation d'exercices de formation et de jeux.<\/p><p class=\"translation-block\"><strong>- Planification de la saison : <\/strong>pour la planification annuelle, mensuelle, hebdomadaire ou quotidienne des s\u00e9ances d'entra\u00eenement et des matches.<\/p><p>- Base de donn\u00e9es d'exercices : exercices class\u00e9s et organis\u00e9s avec un tableau blanc, des descriptions et des vid\u00e9os.<\/p><p>Actuellement, il n'est pas possible d'acheter le \"BasketIQ Software\" par voie \u00e9lectronique. Pour ce faire, vous devez contacter BasketIQ.<\/p><p><strong>Utilisation du site web :<\/strong><br \/>En acc\u00e9dant et\/ou en utilisant le site web, vous aurez la condition d'utilisateur et vous \u00eates tenu de respecter les dispositions du pr\u00e9sent document.<\/p><p><strong>3.1. La langue :<\/strong><\/p><p>Le contenu du site Web est disponible en espagnol, en fran\u00e7ais, en su\u00e9dois et en anglais.<\/p><p>&nbsp;<\/p><p><strong>3.2. Utilisation correcte du site web :<\/strong><\/p><p>Avec l'acc\u00e8s et\/ou l'utilisation du site web, vous \u00eates oblig\u00e9 \u00e0 tout moment de faire un usage ad\u00e9quat des ressources que BasketIQ met \u00e0 votre disposition, conform\u00e9ment aux dispositions de la pr\u00e9sente et en respectant \u00e0 tout moment la morale, l'ordre public, les bonnes coutumes et la loi en vigueur, sans causer de dommages aux syst\u00e8mes physiques et logiques de BasketIQ ou de tiers.<\/p><p>Vous utiliserez le site web sous votre responsabilit\u00e9 exclusive aux fins pr\u00e9vues par BasketIQ et \u00e0 travers les fonctionnalit\u00e9s mises \u00e0 disposition par BasketIQ. Toute autre utilisation du site web autorisera BasketIQ \u00e0 suspendre votre acc\u00e8s au site web et\/ou l'utilisation d'Oralvision.<\/p><p>L'utilisation de techniques de screen scraping, web scraping ou toute autre technique de programmation (ou de toute autre nature) permettant l'extraction d'informations ou de donn\u00e9es h\u00e9berg\u00e9es, stock\u00e9es ou accessibles sur le Site Web est express\u00e9ment interdite sans l'autorisation \u00e9crite expresse de BasketIQ.<\/p><p><strong>3.3. Participation des utilisateurs :<\/strong><\/p><p>Dans le cas o\u00f9, par le biais du site Web, votre participation est permise par la publication de commentaires ou la g\u00e9n\u00e9ration de contenus, il est absolument interdit de diffuser des contenus ou de la propagande \u00e0 caract\u00e8re illicite, tels que des contenus racistes, x\u00e9nophobes, d'apologie du terrorisme, portant atteinte aux droits de l'homme, ou incitant \u00e0 la haine, violant la dignit\u00e9 de la personne, ou de nature calomnieuse, diffamatoire ou contraire \u00e0 l'ordre public ou \u00e0 la s\u00e9curit\u00e9 ou portant atteinte aux droits de la propri\u00e9t\u00e9 intellectuelle ou industrielle.<\/p><p>BasketIQ se r\u00e9serve le droit de supprimer tous les commentaires et\/ou contenus qui ne respectent pas ce qui pr\u00e9c\u00e8de ou qui ne sont pas adapt\u00e9s \u00e0 la publication sur le site Web.<\/p><p>Dans tous les cas, BasketIQ ne sera pas responsable des opinions exprim\u00e9es ou des contenus publi\u00e9s par les utilisateurs \u00e0 travers les forums, chats, blogs ou autres outils de participation qui, dans son cas, peuvent \u00eatre cr\u00e9\u00e9s, sauf dans les cas express\u00e9ment pr\u00e9vus par la r\u00e9glementation applicable.<\/p><p>&nbsp;<\/p><p>Interruptions dans le fonctionnement du site web :<br \/>BasketIQ ne garantit pas qu'il n'y aura pas d'interruptions ou d'erreurs dans l'acc\u00e8s au site web. N\u00e9anmoins, il existe un engagement ferme, d\u00e8s que BasketIQ a connaissance de telles incidences, de r\u00e9aliser toutes les actions visant \u00e0 son r\u00e9tablissement ou \u00e0 sa r\u00e9paration, sauf en cas de concours de causes ind\u00e9pendantes du contr\u00f4le de BasketIQ qui rendent impossible ou difficile son ex\u00e9cution.<\/p><p>Dans le cas d'un contrat avec le logiciel BasketIQ, l'accord de niveau de service (SLA) \u00e9tabli dans les conditions du contrat sera appliqu\u00e9.<\/p><p>&nbsp;<\/p><p><strong>Exon\u00e9ration de responsabilit\u00e9 :<\/strong><br \/>Sauf indication contraire expresse dans ces conditions ou dans la l\u00e9gislation applicable et, exclusivement, dans la mesure o\u00f9 elle est impos\u00e9e, BasketIQ ne sera responsable que des dommages directs subis par l'utilisateur et seulement s'ils ont \u00e9t\u00e9 caus\u00e9s par une cause directement imputable \u00e0 BasketIQ.<\/p><p>BasketIQ n'assumera aucune responsabilit\u00e9 :<\/p><p>- Pour les probl\u00e8mes d\u00e9riv\u00e9s du manque d'acc\u00e8s ou des probl\u00e8mes inh\u00e9rents \u00e0 la connectivit\u00e9 \u00e0 Internet ou aux r\u00e9seaux \u00e9lectriques lorsque ceux-ci ont leur origine dans des causes ind\u00e9pendantes de sa volont\u00e9 ou des causes qui ne pouvaient pas \u00eatre pr\u00e9vues par les parties ou que, m\u00eame \u00e9tant pr\u00e9visibles, BasketIQ a fait tous les efforts raisonnables pour les \u00e9viter ou qui ont \u00e9t\u00e9 consid\u00e9r\u00e9es comme des causes fortuites ou de force majeure.<\/p><p>- Pour les dommages de toute nature pouvant \u00eatre caus\u00e9s aux syst\u00e8mes physiques et logiques de l'utilisateur ou aux fichiers ou documents qui y sont stock\u00e9s, \u00e0 la suite de la pr\u00e9sence d'un virus dans l'appareil de l'utilisateur ou d'un dysfonctionnement ou de l'utilisation d'une version non mise \u00e0 jour du navigateur de l'utilisateur.<\/p><p>- En raison du manque de v\u00e9racit\u00e9, d'exactitude et\/ou de validit\u00e9 des donn\u00e9es fournies par l'utilisateur. BasketIQ n'a aucune obligation de contr\u00f4ler ces donn\u00e9es et\/ou informations.<\/p><p>- Pour les actions ou omissions directement imputables \u00e0 l'utilisateur ou \u00e0 des tiers d\u00e9pendant directement de l'utilisateur.<\/p><p>- Pour le fait que le service ne r\u00e9pond pas aux attentes de l'utilisateur ou ne s'adapte pas \u00e0 ses besoins, pour les gains ou les pertes patrimoniales dans l'activit\u00e9 de l'utilisateur, car il appartient \u00e0 l'utilisateur d'\u00e9valuer l'utilit\u00e9 pour ses besoins avant de l'utiliser.<\/p><p>- En cas de non-respect des obligations incombant \u00e0 l'utilisateur.<\/p><p>Propri\u00e9t\u00e9 intellectuelle et industrielle :<br \/>La totalit\u00e9 des \u00e9l\u00e9ments et\/ou des contenus publi\u00e9s sur le site Web ont \u00e9t\u00e9 cr\u00e9\u00e9s par BasketIQ ou ont fait l'objet d'une licence ou d'une autorisation d'utilisation.<\/p><p>Par cons\u00e9quent, tous ces \u00e9l\u00e9ments et\/ou contenus (tels que : images, audio, vid\u00e9o, logiciel ou textes ; marques ou logos, combinaisons de couleurs, structure et design, applications n\u00e9cessaires \u00e0 son fonctionnement, acc\u00e8s et utilisation, etc.<\/p><p>La reproduction, la distribution, la communication publique -y compris sa modalit\u00e9 de mise \u00e0 disposition- et la transformation, de la totalit\u00e9 ou d'une partie des contenus du site web, sur n'importe quel support et par n'importe quel moyen technique, sans l'autorisation pr\u00e9alable, expresse et \u00e9crite de BasketIQ, est totalement interdite.<\/p><p>En cas de r\u00e9alisation de l'une des actions interdites susmentionn\u00e9es, les droits exclusifs de propri\u00e9t\u00e9 intellectuelle ou industrielle appartenant \u00e0 BasketIQ seront viol\u00e9s. Par cons\u00e9quent, l'utilisateur est tenu de respecter ces droits, en s'abstenant de supprimer, d'alt\u00e9rer, d'\u00e9luder ou de manipuler tout dispositif de protection ou syst\u00e8me de s\u00e9curit\u00e9 install\u00e9 dans les pages appartenant \u00e0 BasketIQ.<\/p><p>BasketIQ offre la possibilit\u00e9 de d\u00e9noncer tout type d'atteinte aux droits de la part de tout utilisateur ou tiers pour quelque motif que ce soit, en communiquant cette circonstance par courrier \u00e9lectronique \u00e0 l'adresse indiqu\u00e9e ci-dessus.<\/p><p>&nbsp;<\/p><p><strong>Politique de liens :<\/strong><br \/><strong>7.1. Liens avec d'autres sites web :<\/strong><\/p><p>S'il est pr\u00e9vu d'\u00e9tablir un lien entre la page web d'un autre portail Internet et l'une des pages web de BasketIQ, les conditions suivantes doivent \u00eatre respect\u00e9es :<\/p><p>- La reproduction totale ou partielle de tout service ou contenu du site web n'est pas autoris\u00e9e, ni l'\u00e9tablissement de liens profonds, de liens IMG ou d'images, ni de cadres avec le site web sans autorisation pr\u00e9alable, expresse et \u00e9crite.<\/p><p>- Aucune d\u00e9claration fausse, inexacte ou incorrecte ne sera faite sur le site web, ou sur les services ou les contenus du site web. \u00c0 l'exception des signes qui font partie du lien, la page web dans laquelle le lien est \u00e9tabli ne doit contenir aucune marque, nom commercial, signe d'\u00e9tablissement, d\u00e9nomination, logo, slogan ou autres signes distinctifs appartenant \u00e0 BasketIQ, sauf autorisation expresse de BasketIQ.<\/p><p>- L'\u00e9tablissement du lien n'implique pas l'existence d'une relation entre BasketIQ et le propri\u00e9taire de la page web ou du portail \u00e0 partir duquel il est \u00e9tabli, ni la connaissance et l'acceptation par BasketIQ des services et des contenus offerts dans cette page web ou ce portail.<\/p><p>- BasketIQ ne sera pas responsable des contenus ou des services mis \u00e0 la disposition du public sur la page web ou le portail \u00e0 partir duquel l'hyperlien est r\u00e9alis\u00e9, ni des informations et des d\u00e9clarations qui y sont incluses.<\/p><p><strong>7.2. Liens vers d'autres sites web :<\/strong><\/p><p>Le site web peut mettre \u00e0 votre disposition des liens vers d'autres sites web g\u00e9r\u00e9s et contr\u00f4l\u00e9s par des tiers, avec la fonction exclusive de faciliter aux utilisateurs la recherche d'informations, de contenus et de services sur Internet, sans qu'en aucun cas on puisse consid\u00e9rer que BasketIQ commercialise, dirige, contr\u00f4le ou fait siens les contenus, les services, les informations et les d\u00e9clarations disponibles dans ces sites web.<\/p><p>BasketIQ n'assume aucun type de responsabilit\u00e9, m\u00eame indirecte ou subsidiaire, pour les contenus, informations, communications, opinions ou services li\u00e9s \u00e0 ces sites web non g\u00e9r\u00e9s par BasketIQ et accessibles \u00e0 travers le web, ni ne garantit l'absence de virus ou d'autres \u00e9l\u00e9ments dans ces derniers qui peuvent produire des alt\u00e9rations dans le syst\u00e8me informatique (mat\u00e9riel et logiciel), dans les documents ou les fichiers de l'utilisateur, excluant toute responsabilit\u00e9 pour les dommages de toute nature caus\u00e9s \u00e0 l'utilisateur pour cette raison.<\/p><p>&nbsp;<\/p><p><strong>Non-conformit\u00e9. Droit d'exclusion :<\/strong><br \/>Toute violation des conditions d'utilisation indiqu\u00e9es dans le pr\u00e9sent avis juridique sera passible de poursuites, de m\u00eame que toute utilisation impropre du Web, et BasketIQ pourra exercer toutes les actions l\u00e9gales qui peuvent lui correspondre pour d\u00e9fendre ses int\u00e9r\u00eats l\u00e9gitimes.<\/p><p>BasketIQ se r\u00e9serve le droit de refuser ou de retirer l'acc\u00e8s au site web, sans avis pr\u00e9alable, \u00e0 sa propre demande ou \u00e0 celle d'un tiers, aux utilisateurs qui ne respectent pas les conditions d'utilisation, et sans pr\u00e9judice de porter \u00e0 l'attention des autorit\u00e9s comp\u00e9tentes tout comportement illicite de l'utilisateur.<\/p><p>&nbsp;<\/p><p><strong>Protection des donn\u00e9es personnelles :<\/strong><br \/>Chez BasketIQ, nous nous engageons \u00e0 respecter la r\u00e9glementation espagnole sur la protection des donn\u00e9es personnelles, et nous garantissons le plein respect des obligations pr\u00e9vues, ainsi que la mise en \u0153uvre des mesures de s\u00e9curit\u00e9 pr\u00e9vues par le r\u00e8glement (UE) 2016\/679 du Parlement et du Conseil du 27 avril 2016 et la loi 41\/2002 du 14 novembre.<\/p><p>BasketIQ met \u00e0 la disposition des utilisateurs sa Politique de confidentialit\u00e9 dans laquelle sont recueillies toutes les informations relatives au traitement de leurs donn\u00e9es, et entre autres aspects :<\/p><p>- Coordonn\u00e9es du responsable du traitement des donn\u00e9es.<\/p><p>- Donn\u00e9es trait\u00e9es.<\/p><p>- Objectif et base juridique du traitement.<\/p><p>- Les droits dont b\u00e9n\u00e9ficient tous les utilisateurs et la proc\u00e9dure \u00e0 suivre pour les exercer.<\/p><p>&nbsp;<\/p><p><strong>Modification des pr\u00e9sentes conditions :<\/strong><br \/>BasketIQ peut modifier \u00e0 tout moment les termes d\u00e9termin\u00e9s ici, \u00e9tant d\u00fbment publi\u00e9s tels qu'ils apparaissent ici. La validit\u00e9 des conditions d'utilisation susmentionn\u00e9es d\u00e9pendra de leur exposition et sera en vigueur jusqu'\u00e0 ce qu'elles soient modifi\u00e9es par d'autres d\u00fbment publi\u00e9es.<\/p><p><strong>11. Droit applicable :<\/strong> Les pr\u00e9sentes conditions d'utilisation sont r\u00e9gies par le droit espagnol.<\/p>        <\/div>\r\n    <\/div>\r\n<\/div><\/div>\n\n        <\/div>\r\n    <\/div>\r\n<\/section>\r\n<\/p>","protected":false},"excerpt":{"rendered":"<p>Legal Notice Owner of the website:The owner of the website https:\/\/basketiqapp.com\/ (hereinafter, the Website) is the trading company BasketIQ Deporte Inteligente, S.L., with registered office at c\/ Creta 67 &#8211; 28, Gran Alacant, 03130, Santa Pola (Alicante), with NIF: B10825560 and duly registered in the Mercantile Register of Alicante in volume 4.491 , folio 12, [&hellip;]<\/p>\n","protected":false},"author":2,"featured_media":0,"parent":0,"menu_order":0,"comment_status":"closed","ping_status":"closed","template":"template\/template-builder.php","meta":{"_monsterinsights_skip_tracking":false,"_monsterinsights_sitenote_active":false,"_monsterinsights_sitenote_note":"","_monsterinsights_sitenote_category":0,"ngg_post_thumbnail":0,"footnotes":""},"class_list":["post-1383","page","type-page","status-publish","hentry"],"yoast_head":"<!-- This site is optimized with the Yoast SEO plugin v27.3 - https:\/\/yoast.com\/product\/yoast-seo-wordpress\/ -->\n<title>Legal Notice - BasketIQ APP<\/title>\n<meta name=\"robots\" content=\"index, follow, max-snippet:-1, max-image-preview:large, max-video-preview:-1\" \/>\n<link rel=\"canonical\" href=\"https:\/\/basketiqapp.com\/fr\/legal-advice\/\" \/>\n<meta property=\"og:locale\" content=\"fr_FR\" \/>\n<meta property=\"og:type\" content=\"article\" \/>\n<meta property=\"og:title\" content=\"Legal Notice - BasketIQ APP\" \/>\n<meta property=\"og:description\" content=\"Legal Notice Owner of the website:The owner of the website https:\/\/basketiqapp.com\/ (hereinafter, the Website) is the trading company BasketIQ Deporte Inteligente, S.L., with registered office at c\/ Creta 67 - 28, Gran Alacant, 03130, Santa Pola (Alicante), with NIF: B10825560 and duly registered in the Mercantile Register of Alicante in volume 4.491 , folio 12, [&hellip;]\" \/>\n<meta property=\"og:url\" content=\"https:\/\/basketiqapp.com\/fr\/legal-advice\/\" \/>\n<meta property=\"og:site_name\" content=\"BasketIQ APP\" \/>\n<meta property=\"article:publisher\" content=\"https:\/\/www.facebook.com\/BasketIQApp\" \/>\n<meta property=\"article:modified_time\" content=\"2023-05-06T22:37:12+00:00\" \/>\n<meta name=\"twitter:card\" content=\"summary_large_image\" \/>\n<meta name=\"twitter:site\" content=\"@BasketIQ_App\" \/>\n<meta name=\"twitter:label1\" content=\"Dur\u00e9e de lecture estim\u00e9e\" \/>\n\t<meta name=\"twitter:data1\" content=\"10 minutes\" \/>\n<script type=\"application\/ld+json\" class=\"yoast-schema-graph\">{\"@context\":\"https:\\\/\\\/schema.org\",\"@graph\":[{\"@type\":\"WebPage\",\"@id\":\"https:\\\/\\\/basketiqapp.com\\\/es\\\/legal-advice\\\/\",\"url\":\"https:\\\/\\\/basketiqapp.com\\\/es\\\/legal-advice\\\/\",\"name\":\"Legal Notice - BasketIQ APP\",\"isPartOf\":{\"@id\":\"https:\\\/\\\/basketiqapp.com\\\/#website\"},\"datePublished\":\"2023-02-26T12:54:30+00:00\",\"dateModified\":\"2023-05-06T22:37:12+00:00\",\"breadcrumb\":{\"@id\":\"https:\\\/\\\/basketiqapp.com\\\/es\\\/legal-advice\\\/#breadcrumb\"},\"inLanguage\":\"fr-FR\",\"potentialAction\":[{\"@type\":\"ReadAction\",\"target\":[\"https:\\\/\\\/basketiqapp.com\\\/es\\\/legal-advice\\\/\"]}]},{\"@type\":\"BreadcrumbList\",\"@id\":\"https:\\\/\\\/basketiqapp.com\\\/es\\\/legal-advice\\\/#breadcrumb\",\"itemListElement\":[{\"@type\":\"ListItem\",\"position\":1,\"name\":\"Portada\",\"item\":\"https:\\\/\\\/basketiqapp.com\\\/\"},{\"@type\":\"ListItem\",\"position\":2,\"name\":\"Legal Notice\"}]},{\"@type\":\"WebSite\",\"@id\":\"https:\\\/\\\/basketiqapp.com\\\/#website\",\"url\":\"https:\\\/\\\/basketiqapp.com\\\/\",\"name\":\"BasketIQ APP\",\"description\":\"Inteligent basketball\",\"publisher\":{\"@id\":\"https:\\\/\\\/basketiqapp.com\\\/#organization\"},\"potentialAction\":[{\"@type\":\"SearchAction\",\"target\":{\"@type\":\"EntryPoint\",\"urlTemplate\":\"https:\\\/\\\/basketiqapp.com\\\/?s={search_term_string}\"},\"query-input\":{\"@type\":\"PropertyValueSpecification\",\"valueRequired\":true,\"valueName\":\"search_term_string\"}}],\"inLanguage\":\"fr-FR\"},{\"@type\":\"Organization\",\"@id\":\"https:\\\/\\\/basketiqapp.com\\\/#organization\",\"name\":\"BasketIQ APP\",\"url\":\"https:\\\/\\\/basketiqapp.com\\\/\",\"logo\":{\"@type\":\"ImageObject\",\"inLanguage\":\"fr-FR\",\"@id\":\"https:\\\/\\\/basketiqapp.com\\\/#\\\/schema\\\/logo\\\/image\\\/\",\"url\":\"https:\\\/\\\/basketiqapp.com\\\/wp-content\\\/uploads\\\/2021\\\/02\\\/BasketIQ.png\",\"contentUrl\":\"https:\\\/\\\/basketiqapp.com\\\/wp-content\\\/uploads\\\/2021\\\/02\\\/BasketIQ.png\",\"width\":2500,\"height\":2664,\"caption\":\"BasketIQ APP\"},\"image\":{\"@id\":\"https:\\\/\\\/basketiqapp.com\\\/#\\\/schema\\\/logo\\\/image\\\/\"},\"sameAs\":[\"https:\\\/\\\/www.facebook.com\\\/BasketIQApp\",\"https:\\\/\\\/x.com\\\/BasketIQ_App\"]}]}<\/script>\n<!-- \/ Yoast SEO plugin. -->","yoast_head_json":{"title":"Mentions l\u00e9gales - BasketIQ APP","robots":{"index":"index","follow":"follow","max-snippet":"max-snippet:-1","max-image-preview":"max-image-preview:large","max-video-preview":"max-video-preview:-1"},"canonical":"https:\/\/basketiqapp.com\/fr\/legal-advice\/","og_locale":"fr_FR","og_type":"article","og_title":"Legal Notice - BasketIQ APP","og_description":"Legal Notice Owner of the website:The owner of the website https:\/\/basketiqapp.com\/ (hereinafter, the Website) is the trading company BasketIQ Deporte Inteligente, S.L., with registered office at c\/ Creta 67 - 28, Gran Alacant, 03130, Santa Pola (Alicante), with NIF: B10825560 and duly registered in the Mercantile Register of Alicante in volume 4.491 , folio 12, [&hellip;]","og_url":"https:\/\/basketiqapp.com\/fr\/legal-advice\/","og_site_name":"BasketIQ APP","article_publisher":"https:\/\/www.facebook.com\/BasketIQApp","article_modified_time":"2023-05-06T22:37:12+00:00","twitter_card":"summary_large_image","twitter_site":"@BasketIQ_App","twitter_misc":{"Dur\u00e9e de lecture estim\u00e9e":"10 minutes"},"schema":{"@context":"https:\/\/schema.org","@graph":[{"@type":"WebPage","@id":"https:\/\/basketiqapp.com\/es\/legal-advice\/","url":"https:\/\/basketiqapp.com\/es\/legal-advice\/","name":"Mentions l\u00e9gales - BasketIQ APP","isPartOf":{"@id":"https:\/\/basketiqapp.com\/#website"},"datePublished":"2023-02-26T12:54:30+00:00","dateModified":"2023-05-06T22:37:12+00:00","breadcrumb":{"@id":"https:\/\/basketiqapp.com\/es\/legal-advice\/#breadcrumb"},"inLanguage":"fr-FR","potentialAction":[{"@type":"ReadAction","target":["https:\/\/basketiqapp.com\/es\/legal-advice\/"]}]},{"@type":"BreadcrumbList","@id":"https:\/\/basketiqapp.com\/es\/legal-advice\/#breadcrumb","itemListElement":[{"@type":"ListItem","position":1,"name":"Portada","item":"https:\/\/basketiqapp.com\/"},{"@type":"ListItem","position":2,"name":"Legal Notice"}]},{"@type":"WebSite","@id":"https:\/\/basketiqapp.com\/#website","url":"https:\/\/basketiqapp.com\/","name":"BasketIQ APP","description":"Basket-ball intelligent","publisher":{"@id":"https:\/\/basketiqapp.com\/#organization"},"potentialAction":[{"@type":"SearchAction","target":{"@type":"EntryPoint","urlTemplate":"https:\/\/basketiqapp.com\/?s={search_term_string}"},"query-input":{"@type":"PropertyValueSpecification","valueRequired":true,"valueName":"search_term_string"}}],"inLanguage":"fr-FR"},{"@type":"Organization","@id":"https:\/\/basketiqapp.com\/#organization","name":"BasketIQ APP","url":"https:\/\/basketiqapp.com\/","logo":{"@type":"ImageObject","inLanguage":"fr-FR","@id":"https:\/\/basketiqapp.com\/#\/schema\/logo\/image\/","url":"https:\/\/basketiqapp.com\/wp-content\/uploads\/2021\/02\/BasketIQ.png","contentUrl":"https:\/\/basketiqapp.com\/wp-content\/uploads\/2021\/02\/BasketIQ.png","width":2500,"height":2664,"caption":"BasketIQ APP"},"image":{"@id":"https:\/\/basketiqapp.com\/#\/schema\/logo\/image\/"},"sameAs":["https:\/\/www.facebook.com\/BasketIQApp","https:\/\/x.com\/BasketIQ_App"]}]}},"_links":{"self":[{"href":"https:\/\/basketiqapp.com\/fr\/wp-json\/wp\/v2\/pages\/1383","targetHints":{"allow":["GET"]}}],"collection":[{"href":"https:\/\/basketiqapp.com\/fr\/wp-json\/wp\/v2\/pages"}],"about":[{"href":"https:\/\/basketiqapp.com\/fr\/wp-json\/wp\/v2\/types\/page"}],"author":[{"embeddable":true,"href":"https:\/\/basketiqapp.com\/fr\/wp-json\/wp\/v2\/users\/2"}],"replies":[{"embeddable":true,"href":"https:\/\/basketiqapp.com\/fr\/wp-json\/wp\/v2\/comments?post=1383"}],"version-history":[{"count":7,"href":"https:\/\/basketiqapp.com\/fr\/wp-json\/wp\/v2\/pages\/1383\/revisions"}],"predecessor-version":[{"id":1511,"href":"https:\/\/basketiqapp.com\/fr\/wp-json\/wp\/v2\/pages\/1383\/revisions\/1511"}],"wp:attachment":[{"href":"https:\/\/basketiqapp.com\/fr\/wp-json\/wp\/v2\/media?parent=1383"}],"curies":[{"name":"wp","href":"https:\/\/api.w.org\/{rel}","templated":true}]}}