{"id":1383,"date":"2023-02-26T13:54:30","date_gmt":"2023-02-26T12:54:30","guid":{"rendered":"https:\/\/basketiqapp.com\/?page_id=1383"},"modified":"2023-05-06T23:37:12","modified_gmt":"2023-05-06T22:37:12","slug":"legal-advice","status":"publish","type":"page","link":"https:\/\/basketiqapp.com\/es\/legal-advice\/","title":{"rendered":"Aviso Legal"},"content":{"rendered":"<p><section  id=\"section-69dab7e4c6785\"  class=\"fw-main-row\"  style=\"background-color:#0d5257;  height: 115px; line-height: 115px;\"  >\r\n    <div >\r\n        <div class=\"fw-container-fluid no-spacing\">\r\n        <\/div>\r\n    <\/div>\r\n<\/section>\r\n<section  id=\"section-69dab7e4c67ea\"  class=\"fw-main-row   auto\"  style=\"  \"  >\r\n    <div >\r\n        <div class=\"fw-container sections\">\r\n<div class=\"fw-row\">\n\t\r\n\r\n\r\n<div id=\"column-69dab7e4c6974\" class=\"none  fw-col-sm-12      wow\" data-wow-offset=\"120\" data-wow-duration=\"1.5s\" style=\"  \">\r\n        <div class=\"fw-main-row\"  style=\"\">\r\n        <div class=\"fw-col-inner\">\r\n            \r\n<div class=\"fw-heading section-header fw-heading-h1    wow fadeIn\" data-wow-offset=\"120\" data-wow-duration=\"1.5s\" style=\"color:\">\r\n        <div class=\"mockup-text fw-special-title-half\"><h1 class='fw-special-title'>Aviso Legal <\/h1><\/div>\r\n\r\n    \r\n    \r\n\r\n<\/div><ol><li><strong>Propietario del sitio web:<\/strong><\/li><\/ol><p>El titular del sitio web https:\/\/basketiqapp.com\/ (en adelante, el Sitio Web) es la sociedad mercantil BasketIQ Deporte Inteligente, S.L., con domicilio social en c\/ Creta 67 - 28, Gran Alacant, 03130, Santa Pola (Alicante), con NIF: B10825560 y debidamente inscrita en el Registro Mercantil de Alicante al tomo 4.491 , folio 12, secci\u00f3n 8, hoja A-180797. En adelante, \"BasketIQ\".<\/p><p>Puede ponerse en contacto directa y eficazmente con BasketIQ enviando un correo electr\u00f3nico a la siguiente direcci\u00f3n: contact@basketiqapp.com.<\/p><p><strong>El sitio web:<\/strong><br \/>A trav\u00e9s del Sitio Web, BasketIQ pone a su disposici\u00f3n informaci\u00f3n sobre su actividad, as\u00ed como la posibilidad de contactar con usted para solicitar informaci\u00f3n adicional y\/o contratar sus servicios de acuerdo con los t\u00e9rminos y condiciones que, en todo caso, se pondr\u00e1n a su disposici\u00f3n con car\u00e1cter previo a la contrataci\u00f3n de los mismos, para su lectura y aceptaci\u00f3n en caso de conformidad.<\/p><p>Le recordamos que los servicios ofrecidos por BasketIQ s\u00f3lo podr\u00e1n ser contratados por personas f\u00edsicas o jur\u00eddicas que desarrollen una actividad relacionada con el deporte, con fines vinculados a su actividad comercial, empresarial, oficio o profesi\u00f3n, de conformidad con lo establecido en las Condiciones de Contrataci\u00f3n.<\/p><p>Asimismo, a trav\u00e9s del Sitio Web se facilita el acceso al \"BasketIQ Software\" que consiste en una soluci\u00f3n SaaS (Software as a Service) en la nube que permite al usuario que contrata el servicio y al que se le facilitan unas claves de acceso (usuario y contrase\u00f1a) utilizar el servicio consistente en la gesti\u00f3n deportiva de equipos de baloncesto con las siguientes funcionalidades:<\/p><p>- Creaci\u00f3n de perfiles de usuario, pudiendo establecer filtros por Usuarios.<\/p><p>- Registro y gesti\u00f3n de jugadores (ficha individual, estado, evoluci\u00f3n).<\/p><p>- Calendario: para la planificaci\u00f3n del equipo\/s, disponibilidad de campos de juego\/entrenamiento, pudiendo establecer filtros por usuarios.<\/p><p>- Pizarra: para la creaci\u00f3n de ejercicios de formaci\u00f3n y obras de teatro.<\/p><p class=\"translation-block\"><strong>- Planificaci\u00f3n de la temporada:<\/strong> para planificar de forma anual, mensual, semanal o diaria las sesiones de entrenamiento y partidos.<\/p><p>- Base de datos de ejercicios: ejercicios clasificados y organizados con una pizarra, descripciones y v\u00eddeos.<\/p><p>Actualmente no es posible adquirir el \"BasketIQ Software\" por v\u00eda electr\u00f3nica. Para ello, deber\u00e1 ponerse en contacto con BasketIQ.<\/p><p><strong>Uso del sitio web:<\/strong><br \/>El acceso y\/o utilizaci\u00f3n del Sitio Web atribuye a quien lo realiza la condici\u00f3n de usuario, quedando obligado al cumplimiento de lo establecido en el presente documento.<\/p><p><strong>3.1. Idioma:<\/strong><\/p><p>El contenido del sitio web est\u00e1 disponible en espa\u00f1ol, franc\u00e9s, sueco e ingl\u00e9s.<\/p><p>&nbsp;<\/p><p><strong>3.2. Uso correcto del Sitio Web:<\/strong><\/p><p>Con el acceso y\/o uso del Sitio Web, usted se obliga en todo momento a hacer un uso adecuado de los recursos que BasketIQ pone a su disposici\u00f3n, de conformidad con lo aqu\u00ed establecido y respetando en todo momento la moral, el orden p\u00fablico, las buenas costumbres y la legalidad vigente, sin provocar da\u00f1os en los sistemas f\u00edsicos y l\u00f3gicos de BasketIQ o de terceros.<\/p><p>Usted utilizar\u00e1 el Sitio Web bajo su exclusiva responsabilidad para los fines previstos por BasketIQ y a trav\u00e9s de las funcionalidades puestas a su disposici\u00f3n por BasketIQ. Cualquier otro uso del Sitio Web dar\u00e1 derecho a BasketIQ a suspender su acceso al Sitio Web y\/o el uso de Oralvision.<\/p><p>Queda expresamente prohibida la utilizaci\u00f3n de t\u00e9cnicas de screen scraping, web scraping o cualquier otra t\u00e9cnica de programaci\u00f3n (o de cualquier otro tipo) que permita la extracci\u00f3n de informaci\u00f3n o datos alojados, almacenados o accesibles en el Sitio Web sin la autorizaci\u00f3n expresa y por escrito de BasketIQ.<\/p><p><strong>3.3. Participaci\u00f3n de los usuarios:<\/strong><\/p><p>En el caso de que a trav\u00e9s del Sitio Web se permita su participaci\u00f3n mediante la publicaci\u00f3n de comentarios o la generaci\u00f3n de contenidos, queda absolutamente prohibida la difusi\u00f3n de contenidos o propaganda de car\u00e1cter il\u00edcito, tales como contenidos racistas, xen\u00f3fobos, de apolog\u00eda del terrorismo, atentatorios contra los derechos humanos, o que inciten al odio, atenten contra la dignidad de la persona, o de car\u00e1cter injurioso, calumnioso o contra el orden o la seguridad p\u00fablica o vulneren derechos de propiedad intelectual o industrial.<\/p><p>BasketIQ se reserva el derecho de retirar todos aquellos comentarios y\/o contenidos que incumplan lo anterior o que no resulten adecuados para su publicaci\u00f3n en el Sitio Web.<\/p><p>En cualquier caso, BasketIQ no ser\u00e1 responsable de las opiniones vertidas o de los contenidos publicados por los usuarios a trav\u00e9s de los foros, chats, blogs, u otras herramientas de participaci\u00f3n que, en su caso, puedan crearse, salvo en lo expresamente previsto por la normativa de aplicaci\u00f3n.<\/p><p>&nbsp;<\/p><p>Interrupciones en el funcionamiento del Sitio Web:<br \/>BasketIQ no garantiza la inexistencia de interrupciones o errores en el acceso al Sitio Web. No obstante, existe el firme compromiso, tan pronto como BasketIQ tenga conocimiento de tales incidencias, de llevar a cabo todas aquellas actuaciones tendentes a su restablecimiento o reparaci\u00f3n, salvo que concurran causas ajenas a BasketIQ que lo hagan imposible o de dif\u00edcil ejecuci\u00f3n.<\/p><p>En caso de contratar el Software BasketIQ, se aplicar\u00e1 el Acuerdo de Nivel de Servicio (SLA) establecido en las condiciones de contrataci\u00f3n.<\/p><p>&nbsp;<\/p><p><strong>Exoneraci\u00f3n de responsabilidad:<\/strong><br \/>Salvo que expresamente se imponga otra cosa en las presentes condiciones o en la legislaci\u00f3n aplicable y, exclusivamente, en la medida y con el alcance en que \u00e9sta se imponga, BasketIQ s\u00f3lo responder\u00e1 de los da\u00f1os directos sufridos por el usuario y \u00fanicamente cuando hayan sido causados por una causa directamente imputable a BasketIQ.<\/p><p>BasketIQ no asumir\u00e1 ninguna responsabilidad:<\/p><p>- Por los problemas derivados de la falta de acceso o de los problemas inherentes a la conectividad a Internet o a las redes el\u00e9ctricas cuando tuvieran su origen en causas ajenas a su voluntad o causas que no hubieran podido ser previstas por las partes o que, aun siendo previsibles, BasketIQ hubiera realizado todos los esfuerzos razonables para evitarlas o que fueran consideradas como causas fortuitas o de fuerza mayor.<\/p><p>- Por los da\u00f1os y perjuicios de toda naturaleza que puedan causarse a los sistemas f\u00edsicos y l\u00f3gicos del usuario o a los ficheros o documentos almacenados en los mismos, como consecuencia de la presencia de virus en el dispositivo del usuario o de un mal funcionamiento o uso de una versi\u00f3n no actualizada del navegador del usuario.<\/p><p>- Debido a la falta de veracidad, exactitud y\/o vigencia de los datos proporcionados por el usuario. BasketIQ no tiene obligaci\u00f3n de supervisar dichos datos y\/o informaci\u00f3n.<\/p><p>- Por acciones u omisiones directamente imputables al usuario o a terceros directamente dependientes del usuario.<\/p><p>- Por el hecho de que el servicio no satisfaga las expectativas del usuario o no se ajuste a sus necesidades, por ganancias o p\u00e9rdidas patrimoniales en la actividad del usuario, ya que corresponde a \u00e9ste valorar si es \u00fatil para sus fines antes de su utilizaci\u00f3n.<\/p><p>- Por incumplimiento de las obligaciones que incumben al usuario.<\/p><p>Propiedad intelectual e industrial:<br \/>La totalidad de los elementos y\/o contenidos publicados en el Sitio Web han sido creados por BasketIQ o dispone de licencia o autorizaci\u00f3n para su uso.<\/p><p>Por tanto, todos estos elementos y\/o contenidos (tales como: im\u00e1genes, audio, v\u00eddeo, software o textos; marcas o logotipos, combinaciones de colores, estructura y dise\u00f1o, aplicaciones necesarias para su funcionamiento, acceso y utilizaci\u00f3n, etc.) y los derechos de explotaci\u00f3n sobre los mismos, son propiedad exclusiva de BasketIQ.<\/p><p>Quedan expresamente prohibidas la reproducci\u00f3n, la distribuci\u00f3n, la comunicaci\u00f3n p\u00fablica -incluida su modalidad de puesta a disposici\u00f3n- y la transformaci\u00f3n, de la totalidad o parte de los contenidos del Sitio Web, en cualquier soporte y por cualquier medio t\u00e9cnico, sin la autorizaci\u00f3n previa, expresa y por escrito de BasketIQ.<\/p><p>En caso de llevar a cabo alguna de las acciones anteriormente prohibidas, se estar\u00e1n infringiendo aquellos derechos exclusivos de propiedad intelectual o industrial que correspondan a BasketIQ. Por ello, el usuario se obliga a respetar tales derechos, absteni\u00e9ndose de suprimir, alterar, eludir o manipular cualquier dispositivo de protecci\u00f3n o sistema de seguridad que estuviera instalado en las p\u00e1ginas titularidad de BasketIQ.<\/p><p>BasketIQ ofrece la posibilidad de denunciar cualquier tipo de infracci\u00f3n de los derechos por cualquier usuario o tercero por cualquier causa, comunicando dicha circunstancia mediante el env\u00edo de un correo electr\u00f3nico a la direcci\u00f3n arriba indicada.<\/p><p>&nbsp;<\/p><p><strong>Pol\u00edtica de enlaces:<\/strong><br \/><strong>7.1. Enlaces desde otros sitios web:<\/strong><\/p><p>Si se pretende establecer un enlace desde una p\u00e1gina web de otro portal de Internet a cualquiera de las p\u00e1ginas web de BasketIQ, deber\u00e1n cumplirse las siguientes condiciones:<\/p><p>- No se permite la reproducci\u00f3n ni total ni parcial de ninguno de los servicios ni contenidos del sitio web, ni el establecimiento de deep-links, ni enlaces IMG o de imagen, ni frames con el Sitio Web sin autorizaci\u00f3n previa, expresa y por escrito.<\/p><p>- No se realizar\u00e1n manifestaciones falsas, inexactas o incorrectas sobre el Sitio Web, ni sobre los servicios o contenidos del mismo. Salvo aquellos signos que formen parte del enlace, la p\u00e1gina web en la que se establezca no contendr\u00e1 ninguna marca, nombre comercial, r\u00f3tulo de establecimiento, denominaci\u00f3n, logotipo, eslogan u otros signos distintivos pertenecientes a BasketIQ, salvo autorizaci\u00f3n expresa de \u00e9ste.<\/p><p>- El establecimiento del enlace no implicar\u00e1 la existencia de relaci\u00f3n alguna entre BasketIQ y el titular de la p\u00e1gina web o del portal desde el cual se realice, ni el conocimiento y aceptaci\u00f3n de BasketIQ de los servicios y contenidos ofrecidos en dicha p\u00e1gina web o portal.<\/p><p>- BasketIQ no ser\u00e1 responsable de los contenidos o servicios puestos a disposici\u00f3n del p\u00fablico en la p\u00e1gina web o portal desde el cual se realice el hiperenlace ni de las informaciones y manifestaciones incluidas en las mismas.<\/p><p><strong>7.2. Enlaces a otros sitios web:<\/strong><\/p><p>El Sitio Web puede poner a su disposici\u00f3n enlaces a otros sitios web gestionados y controlados por terceros, con la exclusiva funci\u00f3n de facilitar a los usuarios la b\u00fasqueda de informaci\u00f3n, contenidos y servicios en Internet, sin que en ning\u00fan caso pueda considerarse que BasketIQ comercialice, dirija, controle o haga propios los contenidos, servicios, informaciones y manifestaciones disponibles en dichos sitios web.<\/p><p>BasketIQ no asume ning\u00fan tipo de responsabilidad, ni siquiera de forma indirecta o subsidiaria, por los contenidos, informaciones, comunicaciones, opiniones o servicios enlazados desde aquellas p\u00e1ginas web no gestionadas por BasketIQ y que resulten accesibles a trav\u00e9s de la Web, ni garantiza la ausencia de virus u otros elementos en los mismos que puedan producir alteraciones en el sistema inform\u00e1tico (hardware y software), en los documentos o los ficheros del usuario, excluyendo cualquier responsabilidad por los da\u00f1os de cualquier clase causados al usuario por este motivo.<\/p><p>&nbsp;<\/p><p><strong>Incumplimiento. Derecho de exclusi\u00f3n:<\/strong><br \/>Cualquier infracci\u00f3n de las condiciones de uso indicadas en este Aviso Legal ser\u00e1 perseguida, as\u00ed como cualquier utilizaci\u00f3n indebida de la Web, pudiendo BasketIQ ejercer cuantas acciones legales le correspondan en defensa de sus leg\u00edtimos intereses.<\/p><p>BasketIQ se reserva el derecho a denegar o retirar el acceso al Sitio Web, sin necesidad de preaviso, a instancia propia o de un tercero, a aquellos usuarios que incumplan los t\u00e9rminos y condiciones de uso, y sin perjuicio de poner en conocimiento de las autoridades competentes cualquier conducta il\u00edcita del usuario.<\/p><p>&nbsp;<\/p><p><strong>Protecci\u00f3n de datos personales:<\/strong><br \/>En BasketIQ estamos comprometidos con el cumplimiento de la normativa espa\u00f1ola de protecci\u00f3n de datos de car\u00e1cter personal, y garantizamos el cumplimiento \u00edntegro de las obligaciones dispuestas, as\u00ed como la implementaci\u00f3n de las medidas de seguridad previstas en el Reglamento (UE) 2016\/679 del Parlamento y del Consejo de 27 de abril de 2016 y en la Ley 41\/2002, de 14 de noviembre.<\/p><p>BasketIQ pone a disposici\u00f3n de los usuarios su Pol\u00edtica de Privacidad en la que se recoge toda la informaci\u00f3n relativa al tratamiento de sus datos, y entre otros aspectos:<\/p><p>- Datos del responsable del tratamiento.<\/p><p>- Datos procesados.<\/p><p>- Finalidad y fundamento jur\u00eddico del tratamiento.<\/p><p>- Derechos que asisten a todos los usuarios y procedimiento para ejercerlos.<\/p><p>&nbsp;<\/p><p><strong>Modificaci\u00f3n de estas condiciones:<\/strong><br \/>BasketIQ podr\u00e1 modificar en cualquier momento las condiciones aqu\u00ed determinadas, siendo debidamente publicadas como aqu\u00ed aparecen. La vigencia de las citadas condiciones ir\u00e1 en funci\u00f3n de su exposici\u00f3n y estar\u00e1n vigentes hasta que sean modificadas por otras debidamente publicadas.<\/p><p><strong>11. Derecho aplicable:<\/strong> Las presentes condiciones de uso se regir\u00e1n por la legislaci\u00f3n espa\u00f1ola.<\/p>        <\/div>\r\n    <\/div>\r\n<\/div><\/div>\n\n        <\/div>\r\n    <\/div>\r\n<\/section>\r\n<\/p>","protected":false},"excerpt":{"rendered":"<p>Legal Notice Owner of the website:The owner of the website https:\/\/basketiqapp.com\/ (hereinafter, the Website) is the trading company BasketIQ Deporte Inteligente, S.L., with registered office at c\/ Creta 67 &#8211; 28, Gran Alacant, 03130, Santa Pola (Alicante), with NIF: B10825560 and duly registered in the Mercantile Register of Alicante in volume 4.491 , folio 12, [&hellip;]<\/p>\n","protected":false},"author":2,"featured_media":0,"parent":0,"menu_order":0,"comment_status":"closed","ping_status":"closed","template":"template\/template-builder.php","meta":{"_monsterinsights_skip_tracking":false,"_monsterinsights_sitenote_active":false,"_monsterinsights_sitenote_note":"","_monsterinsights_sitenote_category":0,"ngg_post_thumbnail":0,"footnotes":""},"class_list":["post-1383","page","type-page","status-publish","hentry"],"yoast_head":"<!-- This site is optimized with the Yoast SEO plugin v27.3 - https:\/\/yoast.com\/product\/yoast-seo-wordpress\/ -->\n<title>Legal Notice - BasketIQ APP<\/title>\n<meta name=\"robots\" content=\"index, follow, max-snippet:-1, max-image-preview:large, max-video-preview:-1\" \/>\n<link rel=\"canonical\" href=\"https:\/\/basketiqapp.com\/es\/legal-advice\/\" \/>\n<meta property=\"og:locale\" content=\"es_ES\" \/>\n<meta property=\"og:type\" content=\"article\" \/>\n<meta property=\"og:title\" content=\"Legal Notice - BasketIQ APP\" \/>\n<meta property=\"og:description\" content=\"Legal Notice Owner of the website:The owner of the website https:\/\/basketiqapp.com\/ (hereinafter, the Website) is the trading company BasketIQ Deporte Inteligente, S.L., with registered office at c\/ Creta 67 - 28, Gran Alacant, 03130, Santa Pola (Alicante), with NIF: B10825560 and duly registered in the Mercantile Register of Alicante in volume 4.491 , folio 12, [&hellip;]\" \/>\n<meta property=\"og:url\" content=\"https:\/\/basketiqapp.com\/es\/legal-advice\/\" \/>\n<meta property=\"og:site_name\" content=\"BasketIQ APP\" \/>\n<meta property=\"article:publisher\" content=\"https:\/\/www.facebook.com\/BasketIQApp\" \/>\n<meta property=\"article:modified_time\" content=\"2023-05-06T22:37:12+00:00\" \/>\n<meta name=\"twitter:card\" content=\"summary_large_image\" \/>\n<meta name=\"twitter:site\" content=\"@BasketIQ_App\" \/>\n<meta name=\"twitter:label1\" content=\"Tiempo de lectura\" \/>\n\t<meta name=\"twitter:data1\" content=\"10 minutos\" \/>\n<script type=\"application\/ld+json\" class=\"yoast-schema-graph\">{\"@context\":\"https:\\\/\\\/schema.org\",\"@graph\":[{\"@type\":\"WebPage\",\"@id\":\"https:\\\/\\\/basketiqapp.com\\\/es\\\/legal-advice\\\/\",\"url\":\"https:\\\/\\\/basketiqapp.com\\\/es\\\/legal-advice\\\/\",\"name\":\"Legal Notice - BasketIQ APP\",\"isPartOf\":{\"@id\":\"https:\\\/\\\/basketiqapp.com\\\/#website\"},\"datePublished\":\"2023-02-26T12:54:30+00:00\",\"dateModified\":\"2023-05-06T22:37:12+00:00\",\"breadcrumb\":{\"@id\":\"https:\\\/\\\/basketiqapp.com\\\/es\\\/legal-advice\\\/#breadcrumb\"},\"inLanguage\":\"es\",\"potentialAction\":[{\"@type\":\"ReadAction\",\"target\":[\"https:\\\/\\\/basketiqapp.com\\\/es\\\/legal-advice\\\/\"]}]},{\"@type\":\"BreadcrumbList\",\"@id\":\"https:\\\/\\\/basketiqapp.com\\\/es\\\/legal-advice\\\/#breadcrumb\",\"itemListElement\":[{\"@type\":\"ListItem\",\"position\":1,\"name\":\"Portada\",\"item\":\"https:\\\/\\\/basketiqapp.com\\\/\"},{\"@type\":\"ListItem\",\"position\":2,\"name\":\"Legal Notice\"}]},{\"@type\":\"WebSite\",\"@id\":\"https:\\\/\\\/basketiqapp.com\\\/#website\",\"url\":\"https:\\\/\\\/basketiqapp.com\\\/\",\"name\":\"BasketIQ APP\",\"description\":\"Inteligent basketball\",\"publisher\":{\"@id\":\"https:\\\/\\\/basketiqapp.com\\\/#organization\"},\"potentialAction\":[{\"@type\":\"SearchAction\",\"target\":{\"@type\":\"EntryPoint\",\"urlTemplate\":\"https:\\\/\\\/basketiqapp.com\\\/?s={search_term_string}\"},\"query-input\":{\"@type\":\"PropertyValueSpecification\",\"valueRequired\":true,\"valueName\":\"search_term_string\"}}],\"inLanguage\":\"es\"},{\"@type\":\"Organization\",\"@id\":\"https:\\\/\\\/basketiqapp.com\\\/#organization\",\"name\":\"BasketIQ APP\",\"url\":\"https:\\\/\\\/basketiqapp.com\\\/\",\"logo\":{\"@type\":\"ImageObject\",\"inLanguage\":\"es\",\"@id\":\"https:\\\/\\\/basketiqapp.com\\\/#\\\/schema\\\/logo\\\/image\\\/\",\"url\":\"https:\\\/\\\/basketiqapp.com\\\/wp-content\\\/uploads\\\/2021\\\/02\\\/BasketIQ.png\",\"contentUrl\":\"https:\\\/\\\/basketiqapp.com\\\/wp-content\\\/uploads\\\/2021\\\/02\\\/BasketIQ.png\",\"width\":2500,\"height\":2664,\"caption\":\"BasketIQ APP\"},\"image\":{\"@id\":\"https:\\\/\\\/basketiqapp.com\\\/#\\\/schema\\\/logo\\\/image\\\/\"},\"sameAs\":[\"https:\\\/\\\/www.facebook.com\\\/BasketIQApp\",\"https:\\\/\\\/x.com\\\/BasketIQ_App\"]}]}<\/script>\n<!-- \/ Yoast SEO plugin. -->","yoast_head_json":{"title":"Aviso legal - BasketIQ APP","robots":{"index":"index","follow":"follow","max-snippet":"max-snippet:-1","max-image-preview":"max-image-preview:large","max-video-preview":"max-video-preview:-1"},"canonical":"https:\/\/basketiqapp.com\/es\/legal-advice\/","og_locale":"es_ES","og_type":"article","og_title":"Legal Notice - BasketIQ APP","og_description":"Legal Notice Owner of the website:The owner of the website https:\/\/basketiqapp.com\/ (hereinafter, the Website) is the trading company BasketIQ Deporte Inteligente, S.L., with registered office at c\/ Creta 67 - 28, Gran Alacant, 03130, Santa Pola (Alicante), with NIF: B10825560 and duly registered in the Mercantile Register of Alicante in volume 4.491 , folio 12, [&hellip;]","og_url":"https:\/\/basketiqapp.com\/es\/legal-advice\/","og_site_name":"BasketIQ APP","article_publisher":"https:\/\/www.facebook.com\/BasketIQApp","article_modified_time":"2023-05-06T22:37:12+00:00","twitter_card":"summary_large_image","twitter_site":"@BasketIQ_App","twitter_misc":{"Tiempo de lectura":"10 minutos"},"schema":{"@context":"https:\/\/schema.org","@graph":[{"@type":"WebPage","@id":"https:\/\/basketiqapp.com\/es\/legal-advice\/","url":"https:\/\/basketiqapp.com\/es\/legal-advice\/","name":"Aviso legal - BasketIQ APP","isPartOf":{"@id":"https:\/\/basketiqapp.com\/#website"},"datePublished":"2023-02-26T12:54:30+00:00","dateModified":"2023-05-06T22:37:12+00:00","breadcrumb":{"@id":"https:\/\/basketiqapp.com\/es\/legal-advice\/#breadcrumb"},"inLanguage":"es","potentialAction":[{"@type":"ReadAction","target":["https:\/\/basketiqapp.com\/es\/legal-advice\/"]}]},{"@type":"BreadcrumbList","@id":"https:\/\/basketiqapp.com\/es\/legal-advice\/#breadcrumb","itemListElement":[{"@type":"ListItem","position":1,"name":"Portada","item":"https:\/\/basketiqapp.com\/"},{"@type":"ListItem","position":2,"name":"Legal Notice"}]},{"@type":"WebSite","@id":"https:\/\/basketiqapp.com\/#website","url":"https:\/\/basketiqapp.com\/","name":"APP BasketIQ","description":"Baloncesto inteligente","publisher":{"@id":"https:\/\/basketiqapp.com\/#organization"},"potentialAction":[{"@type":"SearchAction","target":{"@type":"EntryPoint","urlTemplate":"https:\/\/basketiqapp.com\/?s={search_term_string}"},"query-input":{"@type":"PropertyValueSpecification","valueRequired":true,"valueName":"search_term_string"}}],"inLanguage":"es"},{"@type":"Organization","@id":"https:\/\/basketiqapp.com\/#organization","name":"APP BasketIQ","url":"https:\/\/basketiqapp.com\/","logo":{"@type":"ImageObject","inLanguage":"es","@id":"https:\/\/basketiqapp.com\/#\/schema\/logo\/image\/","url":"https:\/\/basketiqapp.com\/wp-content\/uploads\/2021\/02\/BasketIQ.png","contentUrl":"https:\/\/basketiqapp.com\/wp-content\/uploads\/2021\/02\/BasketIQ.png","width":2500,"height":2664,"caption":"BasketIQ APP"},"image":{"@id":"https:\/\/basketiqapp.com\/#\/schema\/logo\/image\/"},"sameAs":["https:\/\/www.facebook.com\/BasketIQApp","https:\/\/x.com\/BasketIQ_App"]}]}},"_links":{"self":[{"href":"https:\/\/basketiqapp.com\/es\/wp-json\/wp\/v2\/pages\/1383","targetHints":{"allow":["GET"]}}],"collection":[{"href":"https:\/\/basketiqapp.com\/es\/wp-json\/wp\/v2\/pages"}],"about":[{"href":"https:\/\/basketiqapp.com\/es\/wp-json\/wp\/v2\/types\/page"}],"author":[{"embeddable":true,"href":"https:\/\/basketiqapp.com\/es\/wp-json\/wp\/v2\/users\/2"}],"replies":[{"embeddable":true,"href":"https:\/\/basketiqapp.com\/es\/wp-json\/wp\/v2\/comments?post=1383"}],"version-history":[{"count":7,"href":"https:\/\/basketiqapp.com\/es\/wp-json\/wp\/v2\/pages\/1383\/revisions"}],"predecessor-version":[{"id":1511,"href":"https:\/\/basketiqapp.com\/es\/wp-json\/wp\/v2\/pages\/1383\/revisions\/1511"}],"wp:attachment":[{"href":"https:\/\/basketiqapp.com\/es\/wp-json\/wp\/v2\/media?parent=1383"}],"curies":[{"name":"wp","href":"https:\/\/api.w.org\/{rel}","templated":true}]}}